{"id":26434,"date":"2021-04-02T16:31:42","date_gmt":"2021-04-02T14:31:42","guid":{"rendered":"https:\/\/www.skrivena-blaga.eu\/kontakte\/"},"modified":"2021-04-02T19:05:33","modified_gmt":"2021-04-02T17:05:33","slug":"kontakte","status":"publish","type":"page","link":"https:\/\/www.skrivena-blaga.eu\/de\/kontakte\/","title":{"rendered":"Kontakte"},"content":{"rendered":"<p>[et_pb_section fb_built=&#8220;1&#8243; fullwidth=&#8220;on&#8220; _builder_version=&#8220;4.9.0&#8243; _module_preset=&#8220;default&#8220; background_color=&#8220;RGBA(0,0,0,0)&#8220; custom_margin=&#8220;0px||-133px||false|false&#8220; custom_padding=&#8220;0px||0px||true|false&#8220; custom_css_main_element=&#8220;top: -148px;&#8220;][et_pb_fullwidth_map address=&#8220;Ul. Mar\u0161ala Tita 60, 40305, Nedeli\u0161\u0107e, Croatia&#8220; zoom_level=&#8220;8&#8243; address_lat=&#8220;46.3760508&#8243; address_lng=&#8220;16.3849165&#8243; mouse_wheel=&#8220;off&#8220; module_class=&#8220;kontakt-mapa&#8220; _builder_version=&#8220;4.9.0&#8243; _module_preset=&#8220;default&#8220; background_color=&#8220;RGBA(0,0,0,0)&#8220; height=&#8220;700px&#8220; height_tablet=&#8220;550px&#8220; height_phone=&#8220;&#8220; height_last_edited=&#8220;on|tablet&#8220; custom_margin=&#8220;||||false|false&#8220; custom_padding=&#8220;0px||0px||true|false&#8220; child_filter_saturate=&#8220;30%&#8220;][et_pb_map_pin title=&#8220;LAG Zagorje-Sutla&#8220; pin_address=&#8220;Zagorska Sela 39, 49296, Zagorska Sela, Croatia&#8220; pin_address_lat=&#8220;46.0952581&#8243; pin_address_lng=&#8220;15.6329384&#8243; _builder_version=&#8220;4.9.0&#8243; _module_preset=&#8220;default&#8220;]Zagorska Sela 39<br \/>\n49296 Zagorska Sela[\/et_pb_map_pin][et_pb_map_pin title=&#8220;LAG SAVA&#8220; pin_address=&#8220;Ul. bana Josipa Jela\u010di\u0107a 48, 10290, Zapre\u0161i\u0107, Croatia&#8220; zoom_level=&#8220;10&#8243; pin_address_lat=&#8220;45.862557&#8243; pin_address_lng=&#8220;15.8033366&#8243; _builder_version=&#8220;4.9.0&#8243; _module_preset=&#8220;default&#8220;]Ban Josipa Jela\u010di\u0107a Stra\u00dfe 48<br \/>\n10290 Zapre\u0161i\u0107[\/et_pb_map_pin][et_pb_map_pin title=&#8220;LAG Prizag&#8220; pin_address=&#8220;Ul. Antuna Mihanovi\u0107a 3, 42220, Novi Marof, Croatia&#8220; pin_address_lat=&#8220;46.1645825&#8243; pin_address_lng=&#8220;16.3319347&#8243; _builder_version=&#8220;4.9.0&#8243; _module_preset=&#8220;default&#8220;]Antuna Mihanovi\u0107a 3<br \/>\n42220 Novi Marof[\/et_pb_map_pin][et_pb_map_pin title=&#8220;LAG Zeleni bregi&#8220; pin_address=&#8220;Ul. Vladimira Nazora 56, 49247, Zlatar Bistrica, Croatia&#8220; pin_address_lat=&#8220;46.0449113&#8243; pin_address_lng=&#8220;16.083941&#8243; _builder_version=&#8220;4.9.0&#8243; _module_preset=&#8220;default&#8220;]Vladimira Nazora 56<br \/>\n49247 Zlatar Bistrica[\/et_pb_map_pin][et_pb_map_pin title=&#8220;LAG Me\u0111imurski doli i bregi&#8220; pin_address=&#8220;Ul. Mar\u0161ala Tita 60, 40305, Nedeli\u0161\u0107e, Croatia&#8220; pin_address_lat=&#8220;46.3760508&#8243; pin_address_lng=&#8220;16.3849165&#8243; _builder_version=&#8220;4.9.0&#8243; _module_preset=&#8220;default&#8220;]Marschall Tito 60<br \/>\n40305 Nedeli\u0161\u0107e[\/et_pb_map_pin][et_pb_map_pin title=&#8220;LAG Mura-Drava&#8220; pin_address=&#8220;Ul. Rade Kon\u010dara 9, 40327, Donji Vidovec, Croatia&#8220; pin_address_lat=&#8220;46.3302826&#8243; pin_address_lng=&#8220;16.7875864&#8243; _builder_version=&#8220;4.9.0&#8243; _module_preset=&#8220;default&#8220;]Rade Kon\u010dara 9<br \/>\n40327 Donji Vidovec[\/et_pb_map_pin][\/et_pb_fullwidth_map][\/et_pb_section][et_pb_section fb_built=&#8220;1&#8243; custom_padding_last_edited=&#8220;on|tablet&#8220; _builder_version=&#8220;4.9.0&#8243; _module_preset=&#8220;default&#8220; background_color=&#8220;RGBA(0,0,0,0)&#8220; custom_padding=&#8220;0px||35px|||&#8220; custom_padding_tablet=&#8220;0px||10px||false|false&#8220; custom_padding_phone=&#8220;&#8220;][et_pb_row column_structure=&#8220;1_3,1_3,1_3&#8243; use_custom_gutter=&#8220;on&#8220; gutter_width=&#8220;2&#8243; custom_padding_last_edited=&#8220;on|tablet&#8220; module_class=&#8220;contact-first-row&#8220; _builder_version=&#8220;4.9.0&#8243; _module_preset=&#8220;default&#8220; background_color=&#8220;#FFFFFF&#8220; custom_margin=&#8220;-230px||||false|false&#8220; custom_padding=&#8220;45px||40px||false|false&#8220; custom_padding_tablet=&#8220;45px||10px||false|false&#8220; custom_padding_phone=&#8220;&#8220; border_width_bottom=&#8220;1px&#8220; border_color_bottom=&#8220;#e5e5e1&#8243; border_width_bottom_tablet=&#8220;0px&#8220; border_width_bottom_phone=&#8220;&#8220; border_width_bottom_last_edited=&#8220;on|tablet&#8220; box_shadow_style=&#8220;preset3&#8243; box_shadow_vertical=&#8220;-8px&#8220; box_shadow_blur=&#8220;14px&#8220; box_shadow_color=&#8220;rgba(0,129,203,0.15)&#8220;][et_pb_column type=&#8220;1_3&#8243; _builder_version=&#8220;4.8.2&#8243; _module_preset=&#8220;default&#8220;][et_pb_text _builder_version=&#8220;4.9.0&#8243; _module_preset=&#8220;default&#8220; text_font=&#8220;TOMO Zomba Pro|||on|||||&#8220; text_font_size=&#8220;34px&#8220; text_orientation=&#8220;center&#8220; custom_margin=&#8220;38px||||false|false&#8220; custom_margin_tablet=&#8220;0px||||false|false&#8220; custom_margin_phone=&#8220;&#8220; custom_margin_last_edited=&#8220;on|tablet&#8220;]LAG Prizag[\/et_pb_text][et_pb_text _builder_version=&#8220;4.9.0&#8243; _module_preset=&#8220;default&#8220; link_font=&#8220;||||||||&#8220; link_text_color=&#8220;#E30513&#8243; text_orientation=&#8220;center&#8220; custom_margin_tablet=&#8220;||20px||false|false&#8220; custom_margin_phone=&#8220;&#8220; custom_margin_last_edited=&#8220;on|tablet&#8220; link_text_color__hover_enabled=&#8220;on|hover&#8220; link_text_color__hover=&#8220;#3FA435&#8243;] Antuna Mihanovi\u0107a 3<br \/>\n 42220 Novi Marof<\/p>\n<p> B\u00fcroleiter Kruno \u0110urec<br \/>\n Mob: 099 213 8501<br \/>\n Email:<a href=\"mailto:lag.prizag@gmail.com\"> lag.prizag@gmail.com<\/a>[\/et_pb_text][\/et_pb_column][et_pb_column type=&#8220;1_3&#8243; _builder_version=&#8220;4.9.0&#8243; _module_preset=&#8220;default&#8220; border_width_right=&#8220;1px&#8220; border_color_right=&#8220;#e5e5e1&#8243; border_color_bottom=&#8220;RGBA(0,0,0,0)&#8220; border_width_left=&#8220;1px&#8220; border_color_left=&#8220;#e5e5e1&#8243; border_width_right_tablet=&#8220;0px&#8220; border_width_right_phone=&#8220;&#8220; border_width_right_last_edited=&#8220;on|tablet&#8220; border_width_left_tablet=&#8220;0px&#8220; border_width_left_phone=&#8220;&#8220; border_width_left_last_edited=&#8220;on|tablet&#8220;][et_pb_text _builder_version=&#8220;4.9.0&#8243; _module_preset=&#8220;default&#8220; text_font=&#8220;SharpGrotesk Book 10|||on|||||&#8220; text_text_color=&#8220;rgba(10,0,0,0.7)&#8220; text_font_size=&#8220;24px&#8220; header_font=&#8220;|600|||||||&#8220; text_orientation=&#8220;center&#8220; custom_margin=&#8220;0px||12px||false|false&#8220;]<\/p>\n<p>F\u00fchrungspartner<\/p>\n<p>[\/et_pb_text][et_pb_text _builder_version=&#8220;4.9.0&#8243; _module_preset=&#8220;default&#8220; text_font=&#8220;TOMO Zomba Pro|||on|||||&#8220; text_font_size=&#8220;34px&#8220; text_orientation=&#8220;center&#8220;]LAG Zagorje-Sutla[\/et_pb_text][et_pb_text _builder_version=&#8220;4.9.0&#8243; _module_preset=&#8220;default&#8220; link_font=&#8220;||||||||&#8220; link_text_color=&#8220;#E30513&#8243; text_orientation=&#8220;center&#8220; custom_margin=&#8220;||||false|false&#8220; custom_margin_tablet=&#8220;||20px||false|false&#8220; custom_margin_phone=&#8220;&#8220; custom_margin_last_edited=&#8220;on|tablet&#8220; link_text_color__hover_enabled=&#8220;on|hover&#8220; link_text_color__hover=&#8220;#3FA435&#8243;]<\/p>\n<p>Zagorska Sela 39<br \/> 49296 Zagorska Sela<\/p>\n<p>LAG-Leiterin: Tajana Broz<br \/> Tel.: 091 752 2375<br \/> Email:<a href=\"mailto:lag@zagorje-sutla.eu\"> lag@zagorje-sutla.eu<\/a><\/p>\n<p>[\/et_pb_text][\/et_pb_column][et_pb_column type=&#8220;1_3&#8243; _builder_version=&#8220;4.8.2&#8243; _module_preset=&#8220;default&#8220;][et_pb_text _builder_version=&#8220;4.9.0&#8243; _module_preset=&#8220;default&#8220; text_font=&#8220;TOMO Zomba Pro|||on|||||&#8220; text_font_size=&#8220;34px&#8220; text_orientation=&#8220;center&#8220; custom_margin=&#8220;38px||||false|false&#8220; custom_margin_tablet=&#8220;0px||||false|false&#8220; custom_margin_phone=&#8220;&#8220; custom_margin_last_edited=&#8220;on|desktop&#8220;]LAG SAVA[\/et_pb_text][et_pb_text _builder_version=&#8220;4.9.0&#8243; _module_preset=&#8220;default&#8220; link_font=&#8220;||||||||&#8220; link_text_color=&#8220;#E30513&#8243; text_orientation=&#8220;center&#8220; custom_margin=&#8220;||0px||false|false&#8220; custom_padding=&#8220;||0px||false|false&#8220; link_text_color__hover_enabled=&#8220;on|hover&#8220; link_text_color__hover=&#8220;#3FA435&#8243;] Ban Josipa Jela\u010di\u0107a Stra\u00dfe 48<br \/>\n 10290 Zapre\u0161i\u0107<\/p>\n<p> Mob: 095 5937 630<br \/>\n Email:<a href=\"mailto:info@lagsava.hr\"> info@lagsava.hr<\/a>[\/et_pb_text][\/et_pb_column][\/et_pb_row][et_pb_row column_structure=&#8220;1_3,1_3,1_3&#8243; use_custom_gutter=&#8220;on&#8220; gutter_width=&#8220;2&#8243; _builder_version=&#8220;4.9.0&#8243; _module_preset=&#8220;default&#8220; background_color=&#8220;#FFFFFF&#8220; custom_margin=&#8220;0px||||false|false&#8220; custom_margin_tablet=&#8220;&#8220; custom_margin_phone=&#8220;&#8220; custom_margin_last_edited=&#8220;on|tablet&#8220; custom_padding=&#8220;40px||35px||false|false&#8220;][et_pb_column type=&#8220;1_3&#8243; _builder_version=&#8220;4.8.2&#8243; _module_preset=&#8220;default&#8220;][et_pb_text _builder_version=&#8220;4.9.0&#8243; _module_preset=&#8220;default&#8220; text_font=&#8220;TOMO Zomba Pro|||on|||||&#8220; text_font_size=&#8220;34px&#8220; text_orientation=&#8220;center&#8220; custom_margin=&#8220;||||false|false&#8220;]LAG Zeleni bregi[\/et_pb_text][et_pb_text _builder_version=&#8220;4.9.0&#8243; _module_preset=&#8220;default&#8220; link_font=&#8220;||||||||&#8220; link_text_color=&#8220;#E30513&#8243; text_orientation=&#8220;center&#8220; custom_margin_tablet=&#8220;||20px||false|false&#8220; custom_margin_phone=&#8220;&#8220; custom_margin_last_edited=&#8220;on|tablet&#8220; link_text_color__hover_enabled=&#8220;on|hover&#8220; link_text_color__hover=&#8220;#3FA435&#8243;] Vladimira Nazora 56<br \/>\n 49247 Zlatar Bistrica<\/p>\n<p> B\u00fcroleiter Kruno \u0110urec<br \/>\n Tel.: 049 410 656<br \/>\n Email:<a href=\"mailto:lag.zelenibregi@gmail.com\"> lag.zelenibregi@gmail.com<\/a>[\/et_pb_text][\/et_pb_column][et_pb_column type=&#8220;1_3&#8243; _builder_version=&#8220;4.9.0&#8243; _module_preset=&#8220;default&#8220; border_width_right=&#8220;1px&#8220; border_color_right=&#8220;#e5e5e1&#8243; border_width_left=&#8220;1px&#8220; border_color_left=&#8220;#e5e5e1&#8243; border_width_right_tablet=&#8220;0px&#8220; border_width_right_phone=&#8220;&#8220; border_width_right_last_edited=&#8220;on|tablet&#8220; border_width_left_tablet=&#8220;0px&#8220; border_width_left_phone=&#8220;&#8220; border_width_left_last_edited=&#8220;on|tablet&#8220;][et_pb_text _builder_version=&#8220;4.9.0&#8243; _module_preset=&#8220;default&#8220; text_font=&#8220;TOMO Zomba Pro|||on|||||&#8220; text_font_size=&#8220;34px&#8220; text_orientation=&#8220;center&#8220;]LAG Me\u0111imurski doli i bregi[\/et_pb_text][et_pb_text _builder_version=&#8220;4.9.0&#8243; _module_preset=&#8220;default&#8220; link_font=&#8220;||||||||&#8220; link_text_color=&#8220;#E30513&#8243; text_orientation=&#8220;center&#8220; custom_margin_tablet=&#8220;||20px||false|false&#8220; custom_margin_phone=&#8220;&#8220; custom_margin_last_edited=&#8220;on|tablet&#8220; link_text_color__hover_enabled=&#8220;on|hover&#8220; link_text_color__hover=&#8220;#3FA435&#8243;] Marschall Tito 60<br \/>\n 40305 Nedeli\u0161\u0107e<\/p>\n<p> Anf\u00fchrerin Vedrana Radmani\u0107<br \/>\n Mob: 098 932 3599<br \/>\n Email:<a href=\"mailto:lag.mdib@gmail.com\"> lag.mdib@gmail.com<\/a>[\/et_pb_text][\/et_pb_column][et_pb_column type=&#8220;1_3&#8243; _builder_version=&#8220;4.8.2&#8243; _module_preset=&#8220;default&#8220;][et_pb_text _builder_version=&#8220;4.9.0&#8243; _module_preset=&#8220;default&#8220; text_font=&#8220;TOMO Zomba Pro|||on|||||&#8220; text_font_size=&#8220;34px&#8220; text_orientation=&#8220;center&#8220; custom_margin=&#8220;||||false|false&#8220;]LAG Mura-Drava[\/et_pb_text][et_pb_text _builder_version=&#8220;4.9.0&#8243; _module_preset=&#8220;default&#8220; link_font=&#8220;||||||||&#8220; link_text_color=&#8220;#E30513&#8243; text_orientation=&#8220;center&#8220; custom_margin_tablet=&#8220;||20px||false|false&#8220; custom_margin_phone=&#8220;&#8220; custom_margin_last_edited=&#8220;on|tablet&#8220; link_text_color__hover_enabled=&#8220;on|hover&#8220; link_text_color__hover=&#8220;#3FA435&#8243;] Rade Kon\u010dara 9<br \/>\n 40327 Donji Vidovec<\/p>\n<p> Telefon: 040 635 069<br \/>\n Email:<a href=\"lag.mura.drava@gmail.com\"> lag.mura.drava@gmail.com<\/a>[\/et_pb_text][\/et_pb_column][\/et_pb_row][\/et_pb_section]<\/p>\n","protected":false},"excerpt":{"rendered":"<p>Zagorska Sela 39 49296 Zagorska SelaBan Josipa Jela\u010di\u0107a Stra\u00dfe 48 10290 Zapre\u0161i\u0107Antuna Mihanovi\u0107a 3 42220 Novi MarofVladimira Nazora 56 49247 Zlatar BistricaMarschall Tito 60 40305 Nedeli\u0161\u0107eRade Kon\u010dara 9 40327 Donji VidovecLAG Prizag Antuna Mihanovi\u0107a 3 42220 Novi Marof B\u00fcroleiter Kruno \u0110urec Mob: 099 213 8501 Email: lag.prizag@gmail.comF\u00fchrungspartnerLAG Zagorje-SutlaZagorska Sela 39 49296 Zagorska Sela LAG-Leiterin: Tajana [&hellip;]<\/p>\n","protected":false},"author":1,"featured_media":0,"parent":0,"menu_order":0,"comment_status":"closed","ping_status":"closed","template":"","meta":{"_acf_changed":false,"_et_pb_use_builder":"on","_et_pb_old_content":"[et_pb_section fb_built=\"1\" fullwidth=\"on\" _builder_version=\"4.9.0\" _module_preset=\"default\" background_color=\"RGBA(0,0,0,0)\" custom_margin=\"0px||-133px||false|false\" custom_padding=\"0px||0px||true|false\" hover_enabled=\"0\" custom_css_main_element=\"top: -148px;\" sticky_enabled=\"0\"][et_pb_fullwidth_map address=\"Ul. Mar\u0161ala Tita 60, 40305, Nedeli\u0161\u0107e, Croatia\" zoom_level=\"8\" address_lat=\"46.3760508\" address_lng=\"16.3849165\" mouse_wheel=\"off\" module_class=\"kontakt-mapa\" _builder_version=\"4.9.0\" _module_preset=\"default\" background_color=\"RGBA(0,0,0,0)\" height=\"700px\" height_tablet=\"550px\" height_phone=\"\" height_last_edited=\"on|tablet\" custom_margin=\"||||false|false\" custom_padding=\"0px||0px||true|false\" child_filter_saturate=\"30%\" hover_enabled=\"0\" sticky_enabled=\"0\"][et_pb_map_pin title=\"LAG Zagorje-Sutla\" pin_address=\"Zagorska Sela 39, 49296, Zagorska Sela, Croatia\" pin_address_lat=\"46.0952581\" pin_address_lng=\"15.6329384\" _builder_version=\"4.9.0\" _module_preset=\"default\"]Zagorska Sela 39\r\n49296 Zagorska Sela[\/et_pb_map_pin][et_pb_map_pin title=\"LAG SAVA\" pin_address=\"Ul. bana Josipa Jela\u010di\u0107a 48, 10290, Zapre\u0161i\u0107, Croatia\" zoom_level=\"10\" pin_address_lat=\"45.862557\" pin_address_lng=\"15.8033366\" _builder_version=\"4.9.0\" _module_preset=\"default\"]Ban Josipa Jela\u010di\u0107a Stra\u00dfe 48\r\n10290 Zapre\u0161i\u0107[\/et_pb_map_pin][et_pb_map_pin title=\"LAG Prizag\" pin_address=\"Ul. Antuna Mihanovi\u0107a 3, 42220, Novi Marof, Croatia\" pin_address_lat=\"46.1645825\" pin_address_lng=\"16.3319347\" _builder_version=\"4.9.0\" _module_preset=\"default\"]Antuna Mihanovi\u0107a 3\r\n42220 Novi Marof[\/et_pb_map_pin][et_pb_map_pin title=\"LAG Zeleni bregi\" pin_address=\"Ul. Vladimira Nazora 56, 49247, Zlatar Bistrica, Croatia\" pin_address_lat=\"46.0449113\" pin_address_lng=\"16.083941\" _builder_version=\"4.9.0\" _module_preset=\"default\"]Vladimira Nazora 56\r\n49247 Zlatar Bistrica[\/et_pb_map_pin][et_pb_map_pin title=\"LAG Me\u0111imurski doli i bregi\" pin_address=\"Ul. Mar\u0161ala Tita 60, 40305, Nedeli\u0161\u0107e, Croatia\" pin_address_lat=\"46.3760508\" pin_address_lng=\"16.3849165\" _builder_version=\"4.9.0\" _module_preset=\"default\"]Marschall Tito 60\r\n40305 Nedeli\u0161\u0107e[\/et_pb_map_pin][et_pb_map_pin title=\"LAG Mura-Drava\" pin_address=\"Ul. Rade Kon\u010dara 9, 40327, Donji Vidovec, Croatia\" pin_address_lat=\"46.3302826\" pin_address_lng=\"16.7875864\" _builder_version=\"4.9.0\" _module_preset=\"default\"]Rade Kon\u010dara 9\r\n40327 Donji Vidovec[\/et_pb_map_pin][\/et_pb_fullwidth_map][\/et_pb_section][et_pb_section fb_built=\"1\" custom_padding_last_edited=\"on|tablet\" _builder_version=\"4.9.0\" _module_preset=\"default\" background_color=\"RGBA(0,0,0,0)\" custom_padding=\"0px||35px|||\" custom_padding_tablet=\"0px||10px||false|false\" custom_padding_phone=\"\"][et_pb_row column_structure=\"1_3,1_3,1_3\" use_custom_gutter=\"on\" gutter_width=\"2\" custom_padding_last_edited=\"on|tablet\" module_class=\"contact-first-row\" _builder_version=\"4.9.0\" _module_preset=\"default\" background_color=\"#FFFFFF\" custom_margin=\"-230px||||false|false\" custom_padding=\"45px||40px||false|false\" custom_padding_tablet=\"45px||10px||false|false\" custom_padding_phone=\"\" border_width_bottom=\"1px\" border_color_bottom=\"#e5e5e1\" border_width_bottom_tablet=\"0px\" border_width_bottom_phone=\"\" border_width_bottom_last_edited=\"on|tablet\" box_shadow_style=\"preset3\" box_shadow_vertical=\"-8px\" box_shadow_blur=\"14px\" box_shadow_color=\"rgba(0,129,203,0.15)\"][et_pb_column type=\"1_3\" _builder_version=\"4.8.2\" _module_preset=\"default\"][et_pb_text _builder_version=\"4.9.0\" _module_preset=\"default\" text_font=\"TOMO Zomba Pro|||on|||||\" text_font_size=\"34px\" text_orientation=\"center\" custom_margin=\"38px||||false|false\" custom_margin_tablet=\"0px||||false|false\" custom_margin_phone=\"\" custom_margin_last_edited=\"on|tablet\"]LAG Prizag[\/et_pb_text][et_pb_text _builder_version=\"4.9.0\" _module_preset=\"default\" link_font=\"||||||||\" link_text_color=\"#E30513\" text_orientation=\"center\" custom_margin_tablet=\"||20px||false|false\" custom_margin_phone=\"\" custom_margin_last_edited=\"on|tablet\" link_text_color__hover_enabled=\"on|hover\" link_text_color__hover=\"#3FA435\"] Antuna Mihanovi\u0107a 3\r\n 42220 Novi Marof\r\n\r\n B\u00fcroleiter Kruno \u0110urec\r\n Mob: 099 213 8501\r\n Email:<a href=\"mailto:lag.prizag@gmail.com\"> lag.prizag@gmail.com<\/a>[\/et_pb_text][\/et_pb_column][et_pb_column type=\"1_3\" _builder_version=\"4.9.0\" _module_preset=\"default\" border_width_right=\"1px\" border_color_right=\"#e5e5e1\" border_color_bottom=\"RGBA(0,0,0,0)\" border_width_left=\"1px\" border_color_left=\"#e5e5e1\" border_width_right_tablet=\"0px\" border_width_right_phone=\"\" border_width_right_last_edited=\"on|tablet\" border_width_left_tablet=\"0px\" border_width_left_phone=\"\" border_width_left_last_edited=\"on|tablet\"][et_pb_text _builder_version=\"4.9.0\" _module_preset=\"default\" text_font=\"SharpGrotesk Book 10|||on|||||\" text_text_color=\"rgba(10,0,0,0.7)\" text_font_size=\"24px\" header_font=\"|600|||||||\" text_orientation=\"center\" custom_margin=\"0px||12px||false|false\"]<p>F\u00fchrungspartner<\/p>[\/et_pb_text][et_pb_text _builder_version=\"4.9.0\" _module_preset=\"default\" text_font=\"TOMO Zomba Pro|||on|||||\" text_font_size=\"34px\" text_orientation=\"center\"]LAG Zagorje-Sutla[\/et_pb_text][et_pb_text _builder_version=\"4.9.0\" _module_preset=\"default\" link_font=\"||||||||\" link_text_color=\"#E30513\" text_orientation=\"center\" custom_margin=\"||||false|false\" custom_margin_tablet=\"||20px||false|false\" custom_margin_phone=\"\" custom_margin_last_edited=\"on|tablet\" link_text_color__hover_enabled=\"on|hover\" link_text_color__hover=\"#3FA435\"]<p>Zagorska Sela 39<br> 49296 Zagorska Sela<\/p>\r\n<p>LAG-Leiterin: Tajana Broz<br> Tel.: 091 752 2375<br> Email:<a href=\"mailto:lag@zagorje-sutla.eu\"> lag@zagorje-sutla.eu<\/a><\/p>[\/et_pb_text][\/et_pb_column][et_pb_column type=\"1_3\" _builder_version=\"4.8.2\" _module_preset=\"default\"][et_pb_text _builder_version=\"4.9.0\" _module_preset=\"default\" text_font=\"TOMO Zomba Pro|||on|||||\" text_font_size=\"34px\" text_orientation=\"center\" custom_margin=\"38px||||false|false\" custom_margin_tablet=\"0px||||false|false\" custom_margin_phone=\"\" custom_margin_last_edited=\"on|desktop\"]LAG SAVA[\/et_pb_text][et_pb_text _builder_version=\"4.9.0\" _module_preset=\"default\" link_font=\"||||||||\" link_text_color=\"#E30513\" text_orientation=\"center\" custom_margin=\"||0px||false|false\" custom_padding=\"||0px||false|false\" link_text_color__hover_enabled=\"on|hover\" link_text_color__hover=\"#3FA435\"] Ban Josipa Jela\u010di\u0107a Stra\u00dfe 48\r\n 10290 Zapre\u0161i\u0107\r\n\r\n\r\n Mob: 095 5937 630\r\n Email:<a href=\"mailto:info@lagsava.hr\"> info@lagsava.hr<\/a>[\/et_pb_text][\/et_pb_column][\/et_pb_row][et_pb_row column_structure=\"1_3,1_3,1_3\" use_custom_gutter=\"on\" gutter_width=\"2\" _builder_version=\"4.9.0\" _module_preset=\"default\" background_color=\"#FFFFFF\" custom_margin=\"0px||||false|false\" custom_margin_tablet=\"\" custom_margin_phone=\"\" custom_margin_last_edited=\"on|tablet\" custom_padding=\"40px||35px||false|false\"][et_pb_column type=\"1_3\" _builder_version=\"4.8.2\" _module_preset=\"default\"][et_pb_text _builder_version=\"4.9.0\" _module_preset=\"default\" text_font=\"TOMO Zomba Pro|||on|||||\" text_font_size=\"34px\" text_orientation=\"center\" custom_margin=\"||||false|false\"]LAG Zeleni bregi[\/et_pb_text][et_pb_text _builder_version=\"4.9.0\" _module_preset=\"default\" link_font=\"||||||||\" link_text_color=\"#E30513\" text_orientation=\"center\" custom_margin_tablet=\"||20px||false|false\" custom_margin_phone=\"\" custom_margin_last_edited=\"on|tablet\" link_text_color__hover_enabled=\"on|hover\" link_text_color__hover=\"#3FA435\"] Vladimira Nazora 56\r\n 49247 Zlatar Bistrica\r\n\r\n B\u00fcroleiter Kruno \u0110urec\r\n Tel.: 049 410 656\r\n Email:<a href=\"mailto:lag.zelenibregi@gmail.com\"> lag.zelenibregi@gmail.com<\/a>[\/et_pb_text][\/et_pb_column][et_pb_column type=\"1_3\" _builder_version=\"4.9.0\" _module_preset=\"default\" border_width_right=\"1px\" border_color_right=\"#e5e5e1\" border_width_left=\"1px\" border_color_left=\"#e5e5e1\" border_width_right_tablet=\"0px\" border_width_right_phone=\"\" border_width_right_last_edited=\"on|tablet\" border_width_left_tablet=\"0px\" border_width_left_phone=\"\" border_width_left_last_edited=\"on|tablet\"][et_pb_text _builder_version=\"4.9.0\" _module_preset=\"default\" text_font=\"TOMO Zomba Pro|||on|||||\" text_font_size=\"34px\" text_orientation=\"center\"]LAG Me\u0111imurski doli i bregi[\/et_pb_text][et_pb_text _builder_version=\"4.9.0\" _module_preset=\"default\" link_font=\"||||||||\" link_text_color=\"#E30513\" text_orientation=\"center\" custom_margin_tablet=\"||20px||false|false\" custom_margin_phone=\"\" custom_margin_last_edited=\"on|tablet\" link_text_color__hover_enabled=\"on|hover\" link_text_color__hover=\"#3FA435\"] Marschall Tito 60\r\n 40305 Nedeli\u0161\u0107e\r\n\r\n Anf\u00fchrerin Vedrana Radmani\u0107\r\n Mob: 098 932 3599\r\n Email:<a href=\"mailto:lag.mdib@gmail.com\"> lag.mdib@gmail.com<\/a>[\/et_pb_text][\/et_pb_column][et_pb_column type=\"1_3\" _builder_version=\"4.8.2\" _module_preset=\"default\"][et_pb_text _builder_version=\"4.9.0\" _module_preset=\"default\" text_font=\"TOMO Zomba Pro|||on|||||\" text_font_size=\"34px\" text_orientation=\"center\" custom_margin=\"||||false|false\"]LAG Mura-Drava[\/et_pb_text][et_pb_text _builder_version=\"4.9.0\" _module_preset=\"default\" link_font=\"||||||||\" link_text_color=\"#E30513\" text_orientation=\"center\" custom_margin_tablet=\"||20px||false|false\" custom_margin_phone=\"\" custom_margin_last_edited=\"on|tablet\" link_text_color__hover_enabled=\"on|hover\" link_text_color__hover=\"#3FA435\"] Rade Kon\u010dara 9\r\n 40327 Donji Vidovec\r\n\r\n Telefon: 040 635 069\r\n Email:<a href=\"lag.mura.drava@gmail.com\"> lag.mura.drava@gmail.com<\/a>[\/et_pb_text][\/et_pb_column][\/et_pb_row][\/et_pb_section]","_et_gb_content_width":"","footnotes":""},"class_list":["post-26434","page","type-page","status-publish","hentry"],"acf":[],"_links":{"self":[{"href":"https:\/\/www.skrivena-blaga.eu\/de\/wp-json\/wp\/v2\/pages\/26434","targetHints":{"allow":["GET"]}}],"collection":[{"href":"https:\/\/www.skrivena-blaga.eu\/de\/wp-json\/wp\/v2\/pages"}],"about":[{"href":"https:\/\/www.skrivena-blaga.eu\/de\/wp-json\/wp\/v2\/types\/page"}],"author":[{"embeddable":true,"href":"https:\/\/www.skrivena-blaga.eu\/de\/wp-json\/wp\/v2\/users\/1"}],"replies":[{"embeddable":true,"href":"https:\/\/www.skrivena-blaga.eu\/de\/wp-json\/wp\/v2\/comments?post=26434"}],"version-history":[{"count":0,"href":"https:\/\/www.skrivena-blaga.eu\/de\/wp-json\/wp\/v2\/pages\/26434\/revisions"}],"wp:attachment":[{"href":"https:\/\/www.skrivena-blaga.eu\/de\/wp-json\/wp\/v2\/media?parent=26434"}],"curies":[{"name":"wp","href":"https:\/\/api.w.org\/{rel}","templated":true}]}}