{"id":26431,"date":"2021-04-02T16:30:48","date_gmt":"2021-04-02T14:30:48","guid":{"rendered":"https:\/\/www.skrivena-blaga.eu\/ueber-das-projekt\/"},"modified":"2021-04-02T19:10:52","modified_gmt":"2021-04-02T17:10:52","slug":"ueber-das-projekt","status":"publish","type":"page","link":"https:\/\/www.skrivena-blaga.eu\/de\/ueber-das-projekt\/","title":{"rendered":"\u00dcber das Projekt"},"content":{"rendered":"<p>[et_pb_section fb_built=&#8220;1&#8243; _builder_version=&#8220;4.9.0&#8243; _module_preset=&#8220;default&#8220; background_color=&#8220;RGBA(0,0,0,0)&#8220; use_background_color_gradient=&#8220;on&#8220; background_color_gradient_start=&#8220;rgba(10,0,0,0.3)&#8220; background_color_gradient_end=&#8220;rgba(10,0,0,0.3)&#8220; background_color_gradient_overlays_image=&#8220;on&#8220; background_image=&#8220;https:\/\/www.skrivena-blaga.eu\/wp-content\/uploads\/2021\/02\/home-hero-bg-2.jpg&#8220; vertical_offset=&#8220;-148px&#8220; custom_margin=&#8220;||-148px||false|false&#8220; custom_padding=&#8220;196px||70px||false|false&#8220;][et_pb_row _builder_version=&#8220;4.9.0&#8243; _module_preset=&#8220;default&#8220;][et_pb_column type=&#8220;4_4&#8243; _builder_version=&#8220;4.9.0&#8243; _module_preset=&#8220;default&#8220;][et_pb_text _builder_version=&#8220;4.9.3&#8243; _dynamic_attributes=&#8220;content&#8220; _module_preset=&#8220;default&#8220; header_font=&#8220;Poppins|800||on|||||&#8220; header_text_align=&#8220;center&#8220; header_text_color=&#8220;#FFFFFF&#8220; hover_enabled=&#8220;0&#8243; locked=&#8220;off&#8220; sticky_enabled=&#8220;0&#8243;]@ET-DC@eyJkeW5hbWljIjp0cnVlLCJjb250ZW50IjoicG9zdF90aXRsZSIsInNldHRpbmdzIjp7ImJlZm9yZSI6IjxoMT4iLCJhZnRlciI6IjwvaDE+In19@[\/et_pb_text][\/et_pb_column][\/et_pb_row][\/et_pb_section][et_pb_section fb_built=&#8220;1&#8243; _builder_version=&#8220;4.9.0&#8243; _module_preset=&#8220;default&#8220; background_color=&#8220;RGBA(0,0,0,0)&#8220; background_image=&#8220;https:\/\/www.skrivena-blaga.eu\/wp-content\/uploads\/2021\/02\/bg-header.png&#8220; background_position=&#8220;top_center&#8220; vertical_offset=&#8220;-50px&#8220; custom_margin=&#8220;||-50px||false|false&#8220; custom_padding=&#8220;0px||||false|false&#8220; locked=&#8220;off&#8220;][et_pb_row _builder_version=&#8220;4.8.2&#8243; _module_preset=&#8220;default&#8220;][et_pb_column type=&#8220;4_4&#8243; _builder_version=&#8220;4.8.2&#8243; _module_preset=&#8220;default&#8220;][et_pb_divider color=&#8220;RGBA(0,0,0,0)&#8220; divider_weight=&#8220;1px&#8220; _builder_version=&#8220;4.8.2&#8243; _module_preset=&#8220;default&#8220; width=&#8220;1px&#8220;][\/et_pb_divider][\/et_pb_column][\/et_pb_row][\/et_pb_section][et_pb_section fb_built=&#8220;1&#8243; _builder_version=&#8220;4.9.0&#8243; _module_preset=&#8220;default&#8220; background_color=&#8220;RGBA(0,0,0,0)&#8220; custom_padding=&#8220;0px||10px||false|false&#8220;][et_pb_row column_structure=&#8220;1_2,1_2&#8243; _builder_version=&#8220;4.9.0&#8243; _module_preset=&#8220;default&#8220; custom_margin=&#8220;||||false|false&#8220; custom_padding=&#8220;0px|||||&#8220;][et_pb_column type=&#8220;1_2&#8243; _builder_version=&#8220;4.9.0&#8243; _module_preset=&#8220;default&#8220;][et_pb_text module_class=&#8220;o-nama&#8220; _builder_version=&#8220;4.9.0&#8243; _module_preset=&#8220;default&#8220; custom_margin=&#8220;-45px||||false|false&#8220;]<\/p>\n<p>Das Projekt zielt darauf ab, Innovationen im l\u00e4ndlichen Tourismus durch Vernetzung, Wissenstransfer und sektor\u00fcbergreifende Zusammenarbeit im l\u00e4ndlichen Raum im Nordwesten Kroatiens zu f\u00f6rdern.<\/p>\n<p><strong>Die spezifischen Ziele sind:<\/strong><\/p>\n<ul>\n<li>St\u00e4rkung der Kapazit\u00e4ten der LAG zur Entwicklung lokaler Entwicklungsstrategien im Bereich des l\u00e4ndlichen Tourismus und Gew\u00e4hrleistung des Wissenstransfers an die lokale Bev\u00f6lkerung und bestehende wirtschaftliche Einheiten.<\/li>\n<li>F\u00f6rderung lokaler Ziele mithilfe von Offline- und Online-Tools zum Zweck eines innovativen Ansatzes f\u00fcr den l\u00e4ndlichen Tourismus und f\u00fcr Netzwerkziele in l\u00e4ndlichen Gebieten.<\/li>\n<li>St\u00e4rkung der sektor\u00fcbergreifenden Zusammenarbeit im Bereich des l\u00e4ndlichen Tourismus durch Erfahrungsaustausch und Beispiele bew\u00e4hrter Verfahren.<\/li>\n<\/ul>\n<p>Die Umsetzung des Projekts, das zur Entwicklung des l\u00e4ndlichen Tourismus beitr\u00e4gt, wirkt sich direkt auf die Erh\u00f6hung des Lebensstandards und der wirtschaftlichen Aktivit\u00e4ten der lokalen Bev\u00f6lkerung und der lokalen Gemeinschaft aus, da die Erh\u00f6hung der Anzahl der G\u00e4ste den Verbrauch, die Anzahl der N\u00e4chte und die Inanspruchnahme der erbrachten Dienstleistungen erh\u00f6ht von Einheimischen.<\/p>\n<p>[\/et_pb_text][\/et_pb_column][et_pb_column type=&#8220;1_2&#8243; _builder_version=&#8220;4.9.0&#8243; _module_preset=&#8220;default&#8220;][et_pb_text module_class=&#8220;o-nama&#8220; _builder_version=&#8220;4.9.0&#8243; _module_preset=&#8220;default&#8220; custom_margin=&#8220;-45px||||false|false&#8220;]<\/p>\n<p>Das Projekt wird in Partnerschaft von LAGs aus Hrvatsko Zagorje, Prigorje und Me\u0111imurje durchgef\u00fchrt, um bew\u00e4hrte Verfahren zwischen kroatischen Regionen im Bereich der Entwicklung des l\u00e4ndlichen Tourismus zu erlernen und zu verbreiten.<\/p>\n<p><strong>Die Hauptaktivit\u00e4ten zur Umsetzung der spezifischen Ziele des Projekts sind:<\/strong><\/p>\n<ul>\n<li>St\u00e4rkung der Kapazit\u00e4t von LAGs und des Wissenstransfers im Bereich des l\u00e4ndlichen Tourismus (Durchf\u00fchrung von Workshops, Aufzeichnung von 6 Bildungsvideos, Studienbesuche)<\/li>\n<li>Werbeaktivit\u00e4ten und Networking im Bereich des l\u00e4ndlichen Tourismus (Projektwebsite mit interaktiver Karte, Ausstattung von Standorten, Werbeartikeln sowie Video- und Fotomaterial, innovative Spielkarten f\u00fcr touristische Produkte)<\/li>\n<li>Erfahrungsaustausch und bew\u00e4hrte Verfahren im Bereich des l\u00e4ndlichen Tourismus (Pressekonferenz, 5 LAG-Konferenzen, Entwicklung einer Brosch\u00fcre &#8222;Herausforderungen des l\u00e4ndlichen Tourismus&#8220;)<\/li>\n<\/ul>\n<p>[\/et_pb_text][\/et_pb_column][\/et_pb_row][\/et_pb_section][et_pb_section fb_built=&#8220;1&#8243; _builder_version=&#8220;4.9.0&#8243; _module_preset=&#8220;default&#8220; background_color=&#8220;RGBA(0,0,0,0)&#8220; background_enable_image=&#8220;off&#8220; background_size=&#8220;contain&#8220; custom_padding=&#8220;10px||15px||false|false&#8220; locked=&#8220;off&#8220;][et_pb_row _builder_version=&#8220;4.9.0&#8243; _module_preset=&#8220;default&#8220; custom_padding=&#8220;0px||0px|||&#8220;][et_pb_column type=&#8220;4_4&#8243; _builder_version=&#8220;4.9.0&#8243; _module_preset=&#8220;default&#8220;][et_pb_text _builder_version=&#8220;4.9.0&#8243; _module_preset=&#8220;default&#8220; header_3_font=&#8220;|||on|||||&#8220; header_3_text_align=&#8220;center&#8220; header_3_font_size=&#8220;40px&#8220; header_3_line_height=&#8220;1.3em&#8220; custom_margin=&#8220;||-5px||false|false&#8220; custom_padding=&#8220;||0px||false|false&#8220; locked=&#8220;off&#8220;]<\/p>\n<h3>Projektaktivit\u00e4ten<\/h3>\n<p>[\/et_pb_text][et_pb_de_mach_carousel loop_layout=&#8220;438&#8243; posts_number_desktop=&#8220;3&#8243; posts_number_tablet=&#8220;3&#8243; posts_number_tablet_land=&#8220;2&#8243; arrows_color=&#8220;rgba(10,0,0,0.7)&#8220; equal_height=&#8220;on&#8220; link_whole_gird=&#8220;on&#8220; _builder_version=&#8220;4.9.0&#8243; _module_preset=&#8220;default&#8220;][\/et_pb_de_mach_carousel][\/et_pb_column][\/et_pb_row][\/et_pb_section]<\/p>\n","protected":false},"excerpt":{"rendered":"<p>Das Projekt zielt darauf ab, Innovationen im l\u00e4ndlichen Tourismus durch Vernetzung, Wissenstransfer und sektor\u00fcbergreifende Zusammenarbeit im l\u00e4ndlichen Raum im Nordwesten Kroatiens zu f\u00f6rdern. Die spezifischen Ziele sind: St\u00e4rkung der Kapazit\u00e4ten der LAG zur Entwicklung lokaler Entwicklungsstrategien im Bereich des l\u00e4ndlichen Tourismus und Gew\u00e4hrleistung des Wissenstransfers an die lokale Bev\u00f6lkerung und bestehende wirtschaftliche Einheiten. F\u00f6rderung lokaler [&hellip;]<\/p>\n","protected":false},"author":1,"featured_media":0,"parent":0,"menu_order":0,"comment_status":"closed","ping_status":"closed","template":"","meta":{"_acf_changed":false,"_et_pb_use_builder":"on","_et_pb_old_content":"[et_pb_section fb_built=\"1\" _builder_version=\"4.9.0\" _module_preset=\"default\" background_color=\"RGBA(0,0,0,0)\" use_background_color_gradient=\"on\" background_color_gradient_start=\"rgba(10,0,0,0.3)\" background_color_gradient_end=\"rgba(10,0,0,0.3)\" background_color_gradient_overlays_image=\"on\" background_image=\"https:\/\/www.skrivena-blaga.eu\/wp-content\/uploads\/2021\/02\/home-hero-bg-2.jpg\" vertical_offset=\"-148px\" custom_margin=\"||-148px||false|false\" custom_padding=\"196px||70px||false|false\"][et_pb_row _builder_version=\"4.9.0\" _module_preset=\"default\"][et_pb_column type=\"4_4\" _builder_version=\"4.9.0\" _module_preset=\"default\"][et_pb_text _builder_version=\"4.9.0\" _dynamic_attributes=\"content\" _module_preset=\"default\" header_font=\"Poppins|800||on|||||\" header_text_align=\"center\" header_text_color=\"#FFFFFF\" locked=\"off\"]@ ET-DC @ eyJkeW5hbWljIjp0cnVlLCJjb250ZW50IjoicG9zdF90aXRsZSIsInNldHRpbmdzIjp7ImJlZm9yZSI6IjxoMT4iLCJhZnRlciI6IjwD[\/et_pb_text][\/et_pb_column][\/et_pb_row][\/et_pb_section][et_pb_section fb_built=\"1\" _builder_version=\"4.9.0\" _module_preset=\"default\" background_color=\"RGBA(0,0,0,0)\" background_image=\"https:\/\/www.skrivena-blaga.eu\/wp-content\/uploads\/2021\/02\/bg-header.png\" background_position=\"top_center\" vertical_offset=\"-50px\" custom_margin=\"||-50px||false|false\" custom_padding=\"0px||||false|false\" locked=\"off\"][et_pb_row _builder_version=\"4.8.2\" _module_preset=\"default\"][et_pb_column type=\"4_4\" _builder_version=\"4.8.2\" _module_preset=\"default\"][et_pb_divider color=\"RGBA(0,0,0,0)\" divider_weight=\"1px\" _builder_version=\"4.8.2\" _module_preset=\"default\" width=\"1px\"][\/et_pb_divider][\/et_pb_column][\/et_pb_row][\/et_pb_section][et_pb_section fb_built=\"1\" _builder_version=\"4.9.0\" _module_preset=\"default\" background_color=\"RGBA(0,0,0,0)\" custom_padding=\"0px||10px||false|false\"][et_pb_row column_structure=\"1_2,1_2\" _builder_version=\"4.9.0\" _module_preset=\"default\" custom_margin=\"||||false|false\" custom_padding=\"0px|||||\"][et_pb_column type=\"1_2\" _builder_version=\"4.9.0\" _module_preset=\"default\"][et_pb_text module_class=\"o-nama\" _builder_version=\"4.9.0\" _module_preset=\"default\" custom_margin=\"-45px||||false|false\"]<p>Das Projekt zielt darauf ab, Innovationen im l\u00e4ndlichen Tourismus durch Vernetzung, Wissenstransfer und sektor\u00fcbergreifende Zusammenarbeit im l\u00e4ndlichen Raum im Nordwesten Kroatiens zu f\u00f6rdern.<\/p>\r\n<p><strong>Die spezifischen Ziele sind:<\/strong><\/p>\r\n<ul>\r\n<li>St\u00e4rkung der Kapazit\u00e4ten der LAG zur Entwicklung lokaler Entwicklungsstrategien im Bereich des l\u00e4ndlichen Tourismus und Gew\u00e4hrleistung des Wissenstransfers an die lokale Bev\u00f6lkerung und bestehende wirtschaftliche Einheiten.<\/li>\r\n<li>F\u00f6rderung lokaler Ziele mithilfe von Offline- und Online-Tools zum Zweck eines innovativen Ansatzes f\u00fcr den l\u00e4ndlichen Tourismus und f\u00fcr Netzwerkziele in l\u00e4ndlichen Gebieten.<\/li>\r\n<li>St\u00e4rkung der sektor\u00fcbergreifenden Zusammenarbeit im Bereich des l\u00e4ndlichen Tourismus durch Erfahrungsaustausch und Beispiele bew\u00e4hrter Verfahren.<\/li>\r\n<\/ul>\r\n<p>Die Umsetzung des Projekts, das zur Entwicklung des l\u00e4ndlichen Tourismus beitr\u00e4gt, wirkt sich direkt auf die Erh\u00f6hung des Lebensstandards und der wirtschaftlichen Aktivit\u00e4ten der lokalen Bev\u00f6lkerung und der lokalen Gemeinschaft aus, da die Erh\u00f6hung der Anzahl der G\u00e4ste den Verbrauch, die Anzahl der N\u00e4chte und die Inanspruchnahme der erbrachten Dienstleistungen erh\u00f6ht von Einheimischen.<\/p>[\/et_pb_text][\/et_pb_column][et_pb_column type=\"1_2\" _builder_version=\"4.9.0\" _module_preset=\"default\"][et_pb_text module_class=\"o-nama\" _builder_version=\"4.9.0\" _module_preset=\"default\" custom_margin=\"-45px||||false|false\"]<p>Das Projekt wird in Partnerschaft von LAGs aus Hrvatsko Zagorje, Prigorje und Me\u0111imurje durchgef\u00fchrt, um bew\u00e4hrte Verfahren zwischen kroatischen Regionen im Bereich der Entwicklung des l\u00e4ndlichen Tourismus zu erlernen und zu verbreiten.<\/p>\r\n<p><strong>Die Hauptaktivit\u00e4ten zur Umsetzung der spezifischen Ziele des Projekts sind:<\/strong><\/p>\r\n<ul>\r\n<li>St\u00e4rkung der Kapazit\u00e4t von LAGs und des Wissenstransfers im Bereich des l\u00e4ndlichen Tourismus (Durchf\u00fchrung von Workshops, Aufzeichnung von 6 Bildungsvideos, Studienbesuche)<\/li>\r\n<li>Werbeaktivit\u00e4ten und Networking im Bereich des l\u00e4ndlichen Tourismus (Projektwebsite mit interaktiver Karte, Ausstattung von Standorten, Werbeartikeln sowie Video- und Fotomaterial, innovative Spielkarten f\u00fcr touristische Produkte)<\/li>\r\n<li>Erfahrungsaustausch und bew\u00e4hrte Verfahren im Bereich des l\u00e4ndlichen Tourismus (Pressekonferenz, 5 LAG-Konferenzen, Entwicklung einer Brosch\u00fcre \"Herausforderungen des l\u00e4ndlichen Tourismus\")<\/li>\r\n<\/ul>[\/et_pb_text][\/et_pb_column][\/et_pb_row][\/et_pb_section][et_pb_section fb_built=\"1\" _builder_version=\"4.9.0\" _module_preset=\"default\" background_color=\"RGBA(0,0,0,0)\" background_enable_image=\"off\" background_size=\"contain\" custom_padding=\"10px||15px||false|false\" locked=\"off\"][et_pb_row _builder_version=\"4.9.0\" _module_preset=\"default\" custom_padding=\"0px||0px|||\"][et_pb_column type=\"4_4\" _builder_version=\"4.9.0\" _module_preset=\"default\"][et_pb_text _builder_version=\"4.9.0\" _module_preset=\"default\" header_3_font=\"|||on|||||\" header_3_text_align=\"center\" header_3_font_size=\"40px\" header_3_line_height=\"1.3em\" custom_margin=\"||-5px||false|false\" custom_padding=\"||0px||false|false\" locked=\"off\"]<h3>Projektaktivit\u00e4ten<\/h3>[\/et_pb_text][et_pb_de_mach_carousel loop_layout=\"438\" posts_number_desktop=\"3\" posts_number_tablet=\"3\" posts_number_tablet_land=\"2\" arrows_color=\"rgba(10,0,0,0.7)\" equal_height=\"on\" link_whole_gird=\"on\" _builder_version=\"4.9.0\" _module_preset=\"default\" hover_enabled=\"0\" sticky_enabled=\"0\"][\/et_pb_de_mach_carousel][\/et_pb_column][\/et_pb_row][\/et_pb_section]","_et_gb_content_width":"","footnotes":""},"class_list":["post-26431","page","type-page","status-publish","hentry"],"acf":[],"_links":{"self":[{"href":"https:\/\/www.skrivena-blaga.eu\/de\/wp-json\/wp\/v2\/pages\/26431","targetHints":{"allow":["GET"]}}],"collection":[{"href":"https:\/\/www.skrivena-blaga.eu\/de\/wp-json\/wp\/v2\/pages"}],"about":[{"href":"https:\/\/www.skrivena-blaga.eu\/de\/wp-json\/wp\/v2\/types\/page"}],"author":[{"embeddable":true,"href":"https:\/\/www.skrivena-blaga.eu\/de\/wp-json\/wp\/v2\/users\/1"}],"replies":[{"embeddable":true,"href":"https:\/\/www.skrivena-blaga.eu\/de\/wp-json\/wp\/v2\/comments?post=26431"}],"version-history":[{"count":0,"href":"https:\/\/www.skrivena-blaga.eu\/de\/wp-json\/wp\/v2\/pages\/26431\/revisions"}],"wp:attachment":[{"href":"https:\/\/www.skrivena-blaga.eu\/de\/wp-json\/wp\/v2\/media?parent=26431"}],"curies":[{"name":"wp","href":"https:\/\/api.w.org\/{rel}","templated":true}]}}