{"id":26427,"date":"2021-04-02T16:29:07","date_gmt":"2021-04-02T14:29:07","guid":{"rendered":"https:\/\/www.skrivena-blaga.eu\/projektpartner\/"},"modified":"2021-04-02T19:06:24","modified_gmt":"2021-04-02T17:06:24","slug":"projektpartner","status":"publish","type":"page","link":"https:\/\/www.skrivena-blaga.eu\/de\/projektpartner\/","title":{"rendered":"Projektpartner"},"content":{"rendered":"<p>[et_pb_section fb_built=&#8220;1&#8243; _builder_version=&#8220;4.9.0&#8243; _module_preset=&#8220;default&#8220; background_color=&#8220;RGBA(0,0,0,0)&#8220; use_background_color_gradient=&#8220;on&#8220; background_color_gradient_start=&#8220;rgba(10,0,0,0.3)&#8220; background_color_gradient_end=&#8220;rgba(10,0,0,0.3)&#8220; background_color_gradient_overlays_image=&#8220;on&#8220; background_image=&#8220;https:\/\/www.skrivena-blaga.eu\/wp-content\/uploads\/2021\/02\/home-hero-bg-2.jpg&#8220; vertical_offset=&#8220;-148px&#8220; custom_margin=&#8220;||-148px||false|false&#8220; custom_padding=&#8220;196px||70px||false|false&#8220;][et_pb_row _builder_version=&#8220;4.9.0&#8243; _module_preset=&#8220;default&#8220;][et_pb_column type=&#8220;4_4&#8243; _builder_version=&#8220;4.9.0&#8243; _module_preset=&#8220;default&#8220;][et_pb_text _builder_version=&#8220;4.9.3&#8243; _dynamic_attributes=&#8220;content&#8220; _module_preset=&#8220;default&#8220; header_font=&#8220;Poppins|800||on|||||&#8220; header_text_align=&#8220;center&#8220; header_text_color=&#8220;#FFFFFF&#8220; hover_enabled=&#8220;0&#8243; sticky_enabled=&#8220;0&#8243;]@ET-DC@eyJkeW5hbWljIjp0cnVlLCJjb250ZW50IjoicG9zdF90aXRsZSIsInNldHRpbmdzIjp7ImJlZm9yZSI6IjxoMT4iLCJhZnRlciI6IjwvaDE+In19@[\/et_pb_text][\/et_pb_column][\/et_pb_row][\/et_pb_section][et_pb_section fb_built=&#8220;1&#8243; _builder_version=&#8220;4.9.0&#8243; _module_preset=&#8220;default&#8220; background_color=&#8220;RGBA(0,0,0,0)&#8220; background_image=&#8220;https:\/\/www.skrivena-blaga.eu\/wp-content\/uploads\/2021\/02\/bg-header.png&#8220; background_position=&#8220;top_center&#8220; vertical_offset=&#8220;-50px&#8220; custom_margin=&#8220;||-50px||false|false&#8220; custom_padding=&#8220;0px||||false|false&#8220; locked=&#8220;off&#8220;][et_pb_row _builder_version=&#8220;4.8.2&#8243; _module_preset=&#8220;default&#8220;][et_pb_column type=&#8220;4_4&#8243; _builder_version=&#8220;4.8.2&#8243; _module_preset=&#8220;default&#8220;][et_pb_divider color=&#8220;RGBA(0,0,0,0)&#8220; divider_weight=&#8220;1px&#8220; _builder_version=&#8220;4.8.2&#8243; _module_preset=&#8220;default&#8220; width=&#8220;1px&#8220;][\/et_pb_divider][\/et_pb_column][\/et_pb_row][\/et_pb_section][et_pb_section fb_built=&#8220;1&#8243; _builder_version=&#8220;4.9.0&#8243; _module_preset=&#8220;default&#8220; background_color=&#8220;RGBA(0,0,0,0)&#8220; custom_padding=&#8220;0px||40px||false|false&#8220;][et_pb_row column_structure=&#8220;1_3,1_3,1_3&#8243; _builder_version=&#8220;4.9.0&#8243; _module_preset=&#8220;default&#8220; custom_margin=&#8220;||||false|false&#8220; custom_padding=&#8220;0px|||||&#8220;][et_pb_column type=&#8220;1_3&#8243; _builder_version=&#8220;4.9.0&#8243; _module_preset=&#8220;default&#8220;][et_pb_blurb title=&#8220;LAG Zagorje-Sutla&#8220; image=&#8220;https:\/\/www.skrivena-blaga.eu\/wp-content\/uploads\/2021\/02\/lag-zagorje-sutla.png&#8220; icon_alignment=&#8220;left&#8220; module_class=&#8220;partneri&#8220; _builder_version=&#8220;4.9.0&#8243; _module_preset=&#8220;default&#8220; header_font=&#8220;Poppins|600|||||||&#8220; header_font_size=&#8220;20px&#8220; header_line_height=&#8220;1.5em&#8220; body_font_size=&#8220;15px&#8220; body_line_height=&#8220;1.5em&#8220; custom_margin=&#8220;-45px||||false|false&#8220; custom_margin_tablet=&#8220;-55px||||false|false&#8220; custom_margin_phone=&#8220;&#8220; custom_margin_last_edited=&#8220;on|tablet&#8220; custom_css_blurb_image=&#8220;margin-bottom: 15px&#8220;]<\/p>\n<p>Die LAG Zagorje-Sutla ist im Landkreis Krapina-Zagorje t\u00e4tig und umfasst insgesamt 11 Kommunalverwaltungen (Pregrada, Klanjec, Zabok, Sveti Kri\u017e Za\u010dretje, Krapinske Toplice, Kraljevec na Sutli, Hum na Sutli, Desini\u0107, Kumrovec, Tuhelj, Zagorska). . Die nachhaltige Entwicklung l\u00e4ndlicher Gebiete sowie die sektorale Zusammenarbeit und Vernetzung lokaler Akteure im \u00f6ffentlichen, zivilen und wirtschaftlichen Sektor sind eines der wichtigsten Prinzipien des LEADER-Ansatzes und das Ziel der Einrichtung lokaler Aktionsgruppen.<\/p>\n<p>[\/et_pb_blurb][\/et_pb_column][et_pb_column type=&#8220;1_3&#8243; _builder_version=&#8220;4.9.0&#8243; _module_preset=&#8220;default&#8220;][et_pb_blurb title=&#8220;LAG Sava&#8220; image=&#8220;https:\/\/www.skrivena-blaga.eu\/wp-content\/uploads\/2021\/02\/lag-sava.png&#8220; icon_alignment=&#8220;left&#8220; module_class=&#8220;partneri&#8220; _builder_version=&#8220;4.9.0&#8243; _module_preset=&#8220;default&#8220; header_font=&#8220;Poppins|600|||||||&#8220; header_font_size=&#8220;20px&#8220; header_line_height=&#8220;1.5em&#8220; body_font_size=&#8220;15px&#8220; body_line_height=&#8220;1.5em&#8220; custom_margin=&#8220;-45px||||false|false&#8220; custom_margin_tablet=&#8220;0px||0px||false|false&#8220; custom_margin_phone=&#8220;&#8220; custom_margin_last_edited=&#8220;on|tablet&#8220; custom_padding=&#8220;||0px||false|false&#8220; custom_css_blurb_image=&#8220;margin-bottom: 15px&#8220;]<\/p>\n<p>LAG Sava ist eine Partnerschaft von Vertretern des \u00f6ffentlichen, wirtschaftlichen und zivilen Sektors eines bestimmten l\u00e4ndlichen Gebiets, die mit der Absicht gegr\u00fcndet wurde, eine lokale Entwicklungsstrategie in diesem Gebiet zu entwickeln und umzusetzen, und deren Mitglieder nat\u00fcrliche und juristische Personen sein k\u00f6nnen. LAG arbeitet an LEADER-Zugriffsmechanismen. Der LEADER-Ansatz zielt darauf ab, die l\u00e4ndliche Entwicklung durch lokale Initiativen und Partnerschaften zu f\u00f6rdern. Es ist im Landkreis Zagreb t\u00e4tig und umfasst 11 lokale Selbstverwaltungseinheiten (Jastrebarsko, Samobor, Sveta Nedjelja, Zapre\u0161i\u0107, Brdovec, Dubravica, Klin\u010da Sela, Luka, Marija Gorica, Pu\u0161\u0107a, Stupnik).<\/p>\n<p>[\/et_pb_blurb][\/et_pb_column][et_pb_column type=&#8220;1_3&#8243; _builder_version=&#8220;4.9.0&#8243; _module_preset=&#8220;default&#8220;][et_pb_blurb title=&#8220;LAG Prigorje &#8211; Zagorje&#8220; image=&#8220;https:\/\/www.skrivena-blaga.eu\/wp-content\/uploads\/2021\/02\/lag-prizag.png&#8220; icon_alignment=&#8220;left&#8220; module_class=&#8220;partneri&#8220; _builder_version=&#8220;4.9.0&#8243; _module_preset=&#8220;default&#8220; header_font=&#8220;Poppins|600|||||||&#8220; header_font_size=&#8220;20px&#8220; header_line_height=&#8220;1.5em&#8220; body_font_size=&#8220;15px&#8220; body_line_height=&#8220;1.5em&#8220; custom_margin=&#8220;-45px||||false|false&#8220; custom_margin_tablet=&#8220;25px||||false|false&#8220; custom_margin_phone=&#8220;&#8220; custom_margin_last_edited=&#8220;on|tablet&#8220; custom_css_blurb_image=&#8220;margin-bottom: 15px&#8220;]<\/p>\n<p>LAG Prigorje &#8211; Zagorje wurde mit der Aufgabe gegr\u00fcndet, eine lokale Entwicklungsstrategie f\u00fcr das Gebiet zu entwickeln und umzusetzen, die 11 Kommunalverwaltungen aus drei Landkreisen umfasst: Vara\u017edin (Stadt Novi Marof und Gemeinden Breznica, Visoko, Brezni\u010dki Hum, Ljube\u0161\u0107ica), Krapina &#8211; Zagorje (Gemeinden Budin\u0161\u010dina, Hra\u0161\u0107ina und Konj\u0161\u010dina) und Koprivnica-Kri\u017eevci (Gemeinden Gornja Rijeka, Kalnik und Sveti Petar Orehovec). Ziel des Vereins ist die nachhaltige l\u00e4ndliche Entwicklung des Gebiets, in dem er t\u00e4tig ist, unter Wahrung der Interessen seiner Mitglieder, Vertreter des \u00f6ffentlichen, zivilen und wirtschaftlichen Sektors.<\/p>\n<p>[\/et_pb_blurb][\/et_pb_column][\/et_pb_row][et_pb_row column_structure=&#8220;1_3,1_3,1_3&#8243; _builder_version=&#8220;4.9.0&#8243; _module_preset=&#8220;default&#8220; custom_margin=&#8220;20px|auto||auto|false|false&#8220; custom_padding=&#8220;0px|||||&#8220;][et_pb_column type=&#8220;1_3&#8243; _builder_version=&#8220;4.9.0&#8243; _module_preset=&#8220;default&#8220;][et_pb_blurb title=&#8220;LAG Zeleni bregi&#8220; image=&#8220;https:\/\/www.skrivena-blaga.eu\/wp-content\/uploads\/2021\/02\/lag-zeleni-bregi.png&#8220; icon_alignment=&#8220;left&#8220; module_class=&#8220;partneri&#8220; _builder_version=&#8220;4.9.0&#8243; _module_preset=&#8220;default&#8220; header_font=&#8220;Poppins|600|||||||&#8220; header_font_size=&#8220;20px&#8220; header_line_height=&#8220;1.5em&#8220; body_font_size=&#8220;15px&#8220; body_line_height=&#8220;1.5em&#8220; custom_margin=&#8220;||||false|false&#8220; custom_margin_tablet=&#8220;||0px||false|false&#8220; custom_margin_phone=&#8220;&#8220; custom_margin_last_edited=&#8220;on|tablet&#8220; custom_padding=&#8220;||0px||false|false&#8220; custom_css_blurb_image=&#8220;margin-bottom: 15px&#8220;]<\/p>\n<p>Die LAG Zeleni bregi ist eine Vereinigung, die B\u00fcrger, Kommunalverwaltungen, Organisationen der Zivilgesellschaft, Organisationen des Privatsektors und andere Organisationsformen zusammenbringt, um eine nachhaltige l\u00e4ndliche Entwicklung zu f\u00f6rdern und Initiativen und Interessen zu f\u00f6rdern, die f\u00fcr die Entwicklung des Gebiets, in dem sie t\u00e4tig ist, relevant sind. Der Verein ist im Bereich von 18 lokalen Selbstverwaltungseinheiten aus dem Landkreis Krapina-Zagorje t\u00e4tig (Stadt: Donja Stubica, Krapina, Oroslavje und Zlatar, Gemeinden: Bedekov\u010dina, \u0110urmanec, Gornja Stubica, Jesenje, Lobor, Ma\u010de, Marija Bistrica) , Mihovljan, Novi Golubovec, Petrovsko, Radoboj, Stubi\u010dke Toplice, Veliko Trgovi\u0161\u0107e und Zlatar Bistrica) und 4 Einheiten aus dem Landkreis Zagreb (Stadt: Sveti Ivan Zelina, Gemeinden: Bedenica, Bistra und Jakovlje).<\/p>\n<p>[\/et_pb_blurb][\/et_pb_column][et_pb_column type=&#8220;1_3&#8243; _builder_version=&#8220;4.9.0&#8243; _module_preset=&#8220;default&#8220;][et_pb_blurb title=&#8220;LAG Me\u0111imurski doli i bregi&#8220; image=&#8220;https:\/\/www.skrivena-blaga.eu\/wp-content\/uploads\/2021\/02\/lag-medimurski-doli-i-bregi.png&#8220; icon_alignment=&#8220;left&#8220; module_class=&#8220;partneri&#8220; _builder_version=&#8220;4.9.0&#8243; _module_preset=&#8220;default&#8220; header_font=&#8220;Poppins|600|||||||&#8220; header_font_size=&#8220;20px&#8220; header_line_height=&#8220;1.5em&#8220; body_font_size=&#8220;15px&#8220; body_line_height=&#8220;1.5em&#8220; custom_margin=&#8220;||||false|false&#8220; custom_margin_tablet=&#8220;-5px||15px||false|false&#8220; custom_margin_phone=&#8220;&#8220; custom_margin_last_edited=&#8220;on|tablet&#8220; custom_padding=&#8220;0px||||false|false&#8220; custom_css_blurb_image=&#8220;margin-bottom: 15px&#8220;]<\/p>\n<p>LAG Me\u0111imurski doli i bregi ist eine Vereinigung, die auf den Prinzipien der LEADER-Prinzipien basiert und B\u00fcrger, Kommunalverwaltungen, Organisationen der Zivilgesellschaft, Organisationen des Wirtschaftssektors und andere Organisationsformen zusammenbringt, um: eine nachhaltige l\u00e4ndliche Entwicklung zu f\u00f6rdern und Partnerschaften aller Sektoren aufzubauen und Verkn\u00fcpfung aller Entwicklungsaktivit\u00e4ten und -projekte in dem Bereich, in dem die LAG gegr\u00fcndet wurde, und Umsetzung der lokalen Entwicklungsstrategie. Das von der LAG abgedeckte Gebiet umfasst lokale Selbstverwaltungseinheiten: Belica, Doma\u0161inec, Gornji Mihaljevec, Mala Subotica, Mursko Sredi\u0161\u0107e, Nedeli\u0161\u0107e, Podturen, Pribislavec, Selnica, Strahoninec, Sveti Juraj na Bregu, Sveti Martin na Muri, \u0160ove Vrati\u0161inec. LAG Me\u0111imurski doli i bregi ist die n\u00f6rdlichste kroatische LAG in Me\u0111imurje zwischen den Fl\u00fcssen Mura und Drau.<\/p>\n<p>[\/et_pb_blurb][\/et_pb_column][et_pb_column type=&#8220;1_3&#8243; _builder_version=&#8220;4.9.0&#8243; _module_preset=&#8220;default&#8220;][et_pb_blurb title=&#8220;LAG Mura-Drava&#8220; image=&#8220;https:\/\/www.skrivena-blaga.eu\/wp-content\/uploads\/2021\/02\/lag-mura-drava.png&#8220; icon_alignment=&#8220;left&#8220; module_class=&#8220;partneri&#8220; _builder_version=&#8220;4.9.0&#8243; _module_preset=&#8220;default&#8220; header_font=&#8220;Poppins|600|||||||&#8220; header_font_size=&#8220;20px&#8220; header_line_height=&#8220;1.5em&#8220; body_font_size=&#8220;15px&#8220; body_line_height=&#8220;1.5em&#8220; custom_margin=&#8220;||||false|false&#8220; custom_css_blurb_image=&#8220;margin-bottom: 15px&#8220;]<\/p>\n<p>Die LAG Mura-Drava umfasst 9 Einheiten der lokalen Selbstverwaltung in den Landkreisen Me\u0111imurje und Koprivnica-Kri\u017eevci: die Gemeinden Prelog und Lower Me\u0111imurje Orehovica, Gori\u010dan, Donji Kraljevec, Sveta Marija, Donji Vidovec, Donja Dubrava, Kotoriba und Legrad Kopr Kreis Kri\u017eevci. Das Hauptziel der LAG ist die nachhaltige Entwicklung des gesamten Gebiets, die durch die Umsetzung einer lokalen Entwicklungsstrategie erreicht wird, die ein grundlegendes strategisches Dokument darstellt, Richtlinien f\u00fcr die k\u00fcnftige Entwicklung festlegt und auf den Besonderheiten eines bestimmten l\u00e4ndlichen Raums basiert Bereich. Die LAG Mura-Drava bringt in ihrer Mitgliedschaft Vertreter des \u00f6ffentlichen Sektors, Gesch\u00e4ftsleute, Familienbetriebe und Verb\u00e4nde der LAG zusammen.<\/p>\n<p>[\/et_pb_blurb][\/et_pb_column][\/et_pb_row][\/et_pb_section]<\/p>\n","protected":false},"excerpt":{"rendered":"<p>Die LAG Zagorje-Sutla ist im Landkreis Krapina-Zagorje t\u00e4tig und umfasst insgesamt 11 Kommunalverwaltungen (Pregrada, Klanjec, Zabok, Sveti Kri\u017e Za\u010dretje, Krapinske Toplice, Kraljevec na Sutli, Hum na Sutli, Desini\u0107, Kumrovec, Tuhelj, Zagorska). . Die nachhaltige Entwicklung l\u00e4ndlicher Gebiete sowie die sektorale Zusammenarbeit und Vernetzung lokaler Akteure im \u00f6ffentlichen, zivilen und wirtschaftlichen Sektor sind eines der wichtigsten [&hellip;]<\/p>\n","protected":false},"author":1,"featured_media":0,"parent":0,"menu_order":0,"comment_status":"closed","ping_status":"closed","template":"","meta":{"_acf_changed":false,"_et_pb_use_builder":"on","_et_pb_old_content":"[et_pb_section fb_built=\"1\" _builder_version=\"4.9.0\" _module_preset=\"default\" background_color=\"RGBA(0,0,0,0)\" use_background_color_gradient=\"on\" background_color_gradient_start=\"rgba(10,0,0,0.3)\" background_color_gradient_end=\"rgba(10,0,0,0.3)\" background_color_gradient_overlays_image=\"on\" background_image=\"https:\/\/www.skrivena-blaga.eu\/wp-content\/uploads\/2021\/02\/home-hero-bg-2.jpg\" vertical_offset=\"-148px\" custom_margin=\"||-148px||false|false\" custom_padding=\"196px||70px||false|false\"][et_pb_row _builder_version=\"4.9.0\" _module_preset=\"default\"][et_pb_column type=\"4_4\" _builder_version=\"4.9.0\" _module_preset=\"default\"][et_pb_text _builder_version=\"4.9.0\" _dynamic_attributes=\"content\" _module_preset=\"default\" header_font=\"Poppins|800||on|||||\" header_text_align=\"center\" header_text_color=\"#FFFFFF\"]@ ET-DC @ eyJkeW5hbWljIjp0cnVlLCJjb250ZW50IjoicG9zdF90aXRsZSIsInNldHRpbmdzIjp7ImJlZm9yZSI6IjxoMT4iLCJhZnRlciI6IjwD[\/et_pb_text][\/et_pb_column][\/et_pb_row][\/et_pb_section][et_pb_section fb_built=\"1\" _builder_version=\"4.9.0\" _module_preset=\"default\" background_color=\"RGBA(0,0,0,0)\" background_image=\"https:\/\/www.skrivena-blaga.eu\/wp-content\/uploads\/2021\/02\/bg-header.png\" background_position=\"top_center\" vertical_offset=\"-50px\" custom_margin=\"||-50px||false|false\" custom_padding=\"0px||||false|false\" hover_enabled=\"0\" locked=\"off\" sticky_enabled=\"0\"][et_pb_row _builder_version=\"4.8.2\" _module_preset=\"default\"][et_pb_column type=\"4_4\" _builder_version=\"4.8.2\" _module_preset=\"default\"][et_pb_divider color=\"RGBA(0,0,0,0)\" divider_weight=\"1px\" _builder_version=\"4.8.2\" _module_preset=\"default\" width=\"1px\"][\/et_pb_divider][\/et_pb_column][\/et_pb_row][\/et_pb_section][et_pb_section fb_built=\"1\" _builder_version=\"4.9.0\" _module_preset=\"default\" background_color=\"RGBA(0,0,0,0)\" custom_padding=\"0px||40px||false|false\"][et_pb_row column_structure=\"1_3,1_3,1_3\" _builder_version=\"4.9.0\" _module_preset=\"default\" custom_margin=\"||||false|false\" custom_padding=\"0px|||||\"][et_pb_column type=\"1_3\" _builder_version=\"4.9.0\" _module_preset=\"default\"][et_pb_blurb title=\"LAG Zagorje-Sutla\" image=\"https:\/\/www.skrivena-blaga.eu\/wp-content\/uploads\/2021\/02\/lag-zagorje-sutla.png\" icon_alignment=\"left\" module_class=\"partneri\" _builder_version=\"4.9.0\" _module_preset=\"default\" header_font=\"Poppins|600|||||||\" header_font_size=\"20px\" header_line_height=\"1.5em\" body_font_size=\"15px\" body_line_height=\"1.5em\" custom_margin=\"-45px||||false|false\" hover_enabled=\"0\" custom_css_blurb_image=\"margin-bottom: 15px\" custom_margin_last_edited=\"on|tablet\" custom_margin_tablet=\"-55px||||false|false\" sticky_enabled=\"0\"]<p>Die LAG Zagorje-Sutla ist im Landkreis Krapina-Zagorje t\u00e4tig und umfasst insgesamt 11 Kommunalverwaltungen (Pregrada, Klanjec, Zabok, Sveti Kri\u017e Za\u010dretje, Krapinske Toplice, Kraljevec na Sutli, Hum na Sutli, Desini\u0107, Kumrovec, Tuhelj, Zagorska). . Die nachhaltige Entwicklung l\u00e4ndlicher Gebiete sowie die sektorale Zusammenarbeit und Vernetzung lokaler Akteure im \u00f6ffentlichen, zivilen und wirtschaftlichen Sektor sind eines der wichtigsten Prinzipien des LEADER-Ansatzes und das Ziel der Einrichtung lokaler Aktionsgruppen.<\/p>[\/et_pb_blurb][\/et_pb_column][et_pb_column type=\"1_3\" _builder_version=\"4.9.0\" _module_preset=\"default\"][et_pb_blurb title=\"LAG Sava\" image=\"https:\/\/www.skrivena-blaga.eu\/wp-content\/uploads\/2021\/02\/lag-sava.png\" icon_alignment=\"left\" module_class=\"partneri\" _builder_version=\"4.9.0\" _module_preset=\"default\" header_font=\"Poppins|600|||||||\" header_font_size=\"20px\" header_line_height=\"1.5em\" body_font_size=\"15px\" body_line_height=\"1.5em\" custom_margin=\"-45px||||false|false\" hover_enabled=\"0\" custom_css_blurb_image=\"margin-bottom: 15px\" custom_margin_last_edited=\"on|tablet\" custom_margin_tablet=\"0px||0px||false|false\" sticky_enabled=\"0\" custom_padding=\"||0px||false|false\"]<p>LAG Sava ist eine Partnerschaft von Vertretern des \u00f6ffentlichen, wirtschaftlichen und zivilen Sektors eines bestimmten l\u00e4ndlichen Gebiets, die mit der Absicht gegr\u00fcndet wurde, eine lokale Entwicklungsstrategie in diesem Gebiet zu entwickeln und umzusetzen, und deren Mitglieder nat\u00fcrliche und juristische Personen sein k\u00f6nnen. LAG arbeitet an LEADER-Zugriffsmechanismen. Der LEADER-Ansatz zielt darauf ab, die l\u00e4ndliche Entwicklung durch lokale Initiativen und Partnerschaften zu f\u00f6rdern. Es ist im Landkreis Zagreb t\u00e4tig und umfasst 11 lokale Selbstverwaltungseinheiten (Jastrebarsko, Samobor, Sveta Nedjelja, Zapre\u0161i\u0107, Brdovec, Dubravica, Klin\u010da Sela, Luka, Marija Gorica, Pu\u0161\u0107a, Stupnik).<\/p>[\/et_pb_blurb][\/et_pb_column][et_pb_column type=\"1_3\" _builder_version=\"4.9.0\" _module_preset=\"default\"][et_pb_blurb title=\"LAG Prigorje - Zagorje\" image=\"https:\/\/www.skrivena-blaga.eu\/wp-content\/uploads\/2021\/02\/lag-prizag.png\" icon_alignment=\"left\" module_class=\"partneri\" _builder_version=\"4.9.0\" _module_preset=\"default\" header_font=\"Poppins|600|||||||\" header_font_size=\"20px\" header_line_height=\"1.5em\" body_font_size=\"15px\" body_line_height=\"1.5em\" custom_margin=\"-45px||||false|false\" hover_enabled=\"0\" custom_css_blurb_image=\"margin-bottom: 15px\" custom_margin_last_edited=\"on|tablet\" custom_margin_tablet=\"25px||||false|false\" sticky_enabled=\"0\"]<p>LAG Prigorje - Zagorje wurde mit der Aufgabe gegr\u00fcndet, eine lokale Entwicklungsstrategie f\u00fcr das Gebiet zu entwickeln und umzusetzen, die 11 Kommunalverwaltungen aus drei Landkreisen umfasst: Vara\u017edin (Stadt Novi Marof und Gemeinden Breznica, Visoko, Brezni\u010dki Hum, Ljube\u0161\u0107ica), Krapina - Zagorje (Gemeinden Budin\u0161\u010dina, Hra\u0161\u0107ina und Konj\u0161\u010dina) und Koprivnica-Kri\u017eevci (Gemeinden Gornja Rijeka, Kalnik und Sveti Petar Orehovec). Ziel des Vereins ist die nachhaltige l\u00e4ndliche Entwicklung des Gebiets, in dem er t\u00e4tig ist, unter Wahrung der Interessen seiner Mitglieder, Vertreter des \u00f6ffentlichen, zivilen und wirtschaftlichen Sektors.<\/p>[\/et_pb_blurb][\/et_pb_column][\/et_pb_row][et_pb_row column_structure=\"1_3,1_3,1_3\" _builder_version=\"4.9.0\" _module_preset=\"default\" custom_margin=\"20px|auto||auto|false|false\" custom_padding=\"0px|||||\"][et_pb_column type=\"1_3\" _builder_version=\"4.9.0\" _module_preset=\"default\"][et_pb_blurb title=\"LAG Zeleni bregi\" image=\"https:\/\/www.skrivena-blaga.eu\/wp-content\/uploads\/2021\/02\/lag-zeleni-bregi.png\" icon_alignment=\"left\" module_class=\"partneri\" _builder_version=\"4.9.0\" _module_preset=\"default\" header_font=\"Poppins|600|||||||\" header_font_size=\"20px\" header_line_height=\"1.5em\" body_font_size=\"15px\" body_line_height=\"1.5em\" custom_margin=\"||||false|false\" hover_enabled=\"0\" custom_css_blurb_image=\"margin-bottom: 15px\" custom_margin_last_edited=\"on|tablet\" custom_margin_tablet=\"||0px||false|false\" custom_padding=\"||0px||false|false\" sticky_enabled=\"0\"]<p>Die LAG Zeleni bregi ist eine Vereinigung, die B\u00fcrger, Kommunalverwaltungen, Organisationen der Zivilgesellschaft, Organisationen des Privatsektors und andere Organisationsformen zusammenbringt, um eine nachhaltige l\u00e4ndliche Entwicklung zu f\u00f6rdern und Initiativen und Interessen zu f\u00f6rdern, die f\u00fcr die Entwicklung des Gebiets, in dem sie t\u00e4tig ist, relevant sind. Der Verein ist im Bereich von 18 lokalen Selbstverwaltungseinheiten aus dem Landkreis Krapina-Zagorje t\u00e4tig (Stadt: Donja Stubica, Krapina, Oroslavje und Zlatar, Gemeinden: Bedekov\u010dina, \u0110urmanec, Gornja Stubica, Jesenje, Lobor, Ma\u010de, Marija Bistrica) , Mihovljan, Novi Golubovec, Petrovsko, Radoboj, Stubi\u010dke Toplice, Veliko Trgovi\u0161\u0107e und Zlatar Bistrica) und 4 Einheiten aus dem Landkreis Zagreb (Stadt: Sveti Ivan Zelina, Gemeinden: Bedenica, Bistra und Jakovlje).<\/p>[\/et_pb_blurb][\/et_pb_column][et_pb_column type=\"1_3\" _builder_version=\"4.9.0\" _module_preset=\"default\"][et_pb_blurb title=\"LAG Me\u0111imurski doli i bregi\" image=\"https:\/\/www.skrivena-blaga.eu\/wp-content\/uploads\/2021\/02\/lag-medimurski-doli-i-bregi.png\" icon_alignment=\"left\" module_class=\"partneri\" _builder_version=\"4.9.0\" _module_preset=\"default\" header_font=\"Poppins|600|||||||\" header_font_size=\"20px\" header_line_height=\"1.5em\" body_font_size=\"15px\" body_line_height=\"1.5em\" custom_margin=\"||||false|false\" hover_enabled=\"0\" custom_css_blurb_image=\"margin-bottom: 15px\" custom_margin_last_edited=\"on|tablet\" custom_margin_tablet=\"-5px||15px||false|false\" sticky_enabled=\"0\" custom_padding=\"0px||||false|false\"]<p>LAG Me\u0111imurski doli i bregi ist eine Vereinigung, die auf den Prinzipien der LEADER-Prinzipien basiert und B\u00fcrger, Kommunalverwaltungen, Organisationen der Zivilgesellschaft, Organisationen des Wirtschaftssektors und andere Organisationsformen zusammenbringt, um: eine nachhaltige l\u00e4ndliche Entwicklung zu f\u00f6rdern und Partnerschaften aller Sektoren aufzubauen und Verkn\u00fcpfung aller Entwicklungsaktivit\u00e4ten und -projekte in dem Bereich, in dem die LAG gegr\u00fcndet wurde, und Umsetzung der lokalen Entwicklungsstrategie. Das von der LAG abgedeckte Gebiet umfasst lokale Selbstverwaltungseinheiten: Belica, Doma\u0161inec, Gornji Mihaljevec, Mala Subotica, Mursko Sredi\u0161\u0107e, Nedeli\u0161\u0107e, Podturen, Pribislavec, Selnica, Strahoninec, Sveti Juraj na Bregu, Sveti Martin na Muri, \u0160ove Vrati\u0161inec. LAG Me\u0111imurski doli i bregi ist die n\u00f6rdlichste kroatische LAG in Me\u0111imurje zwischen den Fl\u00fcssen Mura und Drau.<\/p>[\/et_pb_blurb][\/et_pb_column][et_pb_column type=\"1_3\" _builder_version=\"4.9.0\" _module_preset=\"default\"][et_pb_blurb title=\"LAG Mura-Drava\" image=\"https:\/\/www.skrivena-blaga.eu\/wp-content\/uploads\/2021\/02\/lag-mura-drava.png\" icon_alignment=\"left\" module_class=\"partneri\" _builder_version=\"4.9.0\" _module_preset=\"default\" header_font=\"Poppins|600|||||||\" header_font_size=\"20px\" header_line_height=\"1.5em\" body_font_size=\"15px\" body_line_height=\"1.5em\" custom_margin=\"||||false|false\" hover_enabled=\"0\" custom_css_blurb_image=\"margin-bottom: 15px\" sticky_enabled=\"0\"]<p>Die LAG Mura-Drava umfasst 9 Einheiten der lokalen Selbstverwaltung in den Landkreisen Me\u0111imurje und Koprivnica-Kri\u017eevci: die Gemeinden Prelog und Lower Me\u0111imurje Orehovica, Gori\u010dan, Donji Kraljevec, Sveta Marija, Donji Vidovec, Donja Dubrava, Kotoriba und Legrad Kopr Kreis Kri\u017eevci. Das Hauptziel der LAG ist die nachhaltige Entwicklung des gesamten Gebiets, die durch die Umsetzung einer lokalen Entwicklungsstrategie erreicht wird, die ein grundlegendes strategisches Dokument darstellt, Richtlinien f\u00fcr die k\u00fcnftige Entwicklung festlegt und auf den Besonderheiten eines bestimmten l\u00e4ndlichen Raums basiert Bereich. Die LAG Mura-Drava bringt in ihrer Mitgliedschaft Vertreter des \u00f6ffentlichen Sektors, Gesch\u00e4ftsleute, Familienbetriebe und Verb\u00e4nde der LAG zusammen.<\/p>[\/et_pb_blurb][\/et_pb_column][\/et_pb_row][\/et_pb_section]","_et_gb_content_width":"","footnotes":""},"class_list":["post-26427","page","type-page","status-publish","hentry"],"acf":[],"_links":{"self":[{"href":"https:\/\/www.skrivena-blaga.eu\/de\/wp-json\/wp\/v2\/pages\/26427","targetHints":{"allow":["GET"]}}],"collection":[{"href":"https:\/\/www.skrivena-blaga.eu\/de\/wp-json\/wp\/v2\/pages"}],"about":[{"href":"https:\/\/www.skrivena-blaga.eu\/de\/wp-json\/wp\/v2\/types\/page"}],"author":[{"embeddable":true,"href":"https:\/\/www.skrivena-blaga.eu\/de\/wp-json\/wp\/v2\/users\/1"}],"replies":[{"embeddable":true,"href":"https:\/\/www.skrivena-blaga.eu\/de\/wp-json\/wp\/v2\/comments?post=26427"}],"version-history":[{"count":0,"href":"https:\/\/www.skrivena-blaga.eu\/de\/wp-json\/wp\/v2\/pages\/26427\/revisions"}],"wp:attachment":[{"href":"https:\/\/www.skrivena-blaga.eu\/de\/wp-json\/wp\/v2\/media?parent=26427"}],"curies":[{"name":"wp","href":"https:\/\/api.w.org\/{rel}","templated":true}]}}