{"id":26416,"date":"2021-04-02T16:23:37","date_gmt":"2021-04-02T14:23:37","guid":{"rendered":"https:\/\/www.skrivena-blaga.eu\/unterlagen\/"},"modified":"2021-04-02T19:11:46","modified_gmt":"2021-04-02T17:11:46","slug":"unterlagen","status":"publish","type":"page","link":"https:\/\/www.skrivena-blaga.eu\/de\/unterlagen\/","title":{"rendered":"Unterlagen"},"content":{"rendered":"<p>[et_pb_section fb_built=&#8220;1&#8243; _builder_version=&#8220;4.9.0&#8243; _module_preset=&#8220;default&#8220; background_color=&#8220;RGBA(0,0,0,0)&#8220; use_background_color_gradient=&#8220;on&#8220; background_color_gradient_start=&#8220;rgba(10,0,0,0.3)&#8220; background_color_gradient_end=&#8220;rgba(10,0,0,0.3)&#8220; background_color_gradient_overlays_image=&#8220;on&#8220; background_image=&#8220;https:\/\/www.skrivena-blaga.eu\/wp-content\/uploads\/2021\/02\/home-hero-bg-2.jpg&#8220; vertical_offset=&#8220;-148px&#8220; custom_margin=&#8220;||-148px||false|false&#8220; custom_padding=&#8220;196px||70px||false|false&#8220;][et_pb_row _builder_version=&#8220;4.9.0&#8243; _module_preset=&#8220;default&#8220;][et_pb_column type=&#8220;4_4&#8243; _builder_version=&#8220;4.9.0&#8243; _module_preset=&#8220;default&#8220;][et_pb_text _builder_version=&#8220;4.9.3&#8243; _dynamic_attributes=&#8220;content&#8220; _module_preset=&#8220;default&#8220; header_font=&#8220;Poppins|800||on|||||&#8220; header_text_align=&#8220;center&#8220; header_text_color=&#8220;#FFFFFF&#8220; hover_enabled=&#8220;0&#8243; locked=&#8220;off&#8220; sticky_enabled=&#8220;0&#8243;]@ET-DC@eyJkeW5hbWljIjp0cnVlLCJjb250ZW50IjoicG9zdF90aXRsZSIsInNldHRpbmdzIjp7ImJlZm9yZSI6IjxoMT4iLCJhZnRlciI6IjwvaDE+In19@[\/et_pb_text][\/et_pb_column][\/et_pb_row][\/et_pb_section][et_pb_section fb_built=&#8220;1&#8243; _builder_version=&#8220;4.9.0&#8243; _module_preset=&#8220;default&#8220; background_color=&#8220;RGBA(0,0,0,0)&#8220; background_image=&#8220;https:\/\/www.skrivena-blaga.eu\/wp-content\/uploads\/2021\/02\/bg-header.png&#8220; background_position=&#8220;top_center&#8220; vertical_offset=&#8220;-50px&#8220; custom_margin=&#8220;||-50px||false|false&#8220; custom_padding=&#8220;0px||||false|false&#8220; locked=&#8220;off&#8220;][et_pb_row _builder_version=&#8220;4.8.2&#8243; _module_preset=&#8220;default&#8220;][et_pb_column type=&#8220;4_4&#8243; _builder_version=&#8220;4.8.2&#8243; _module_preset=&#8220;default&#8220;][et_pb_divider color=&#8220;RGBA(0,0,0,0)&#8220; divider_weight=&#8220;1px&#8220; _builder_version=&#8220;4.8.2&#8243; _module_preset=&#8220;default&#8220; width=&#8220;1px&#8220;][\/et_pb_divider][\/et_pb_column][\/et_pb_row][\/et_pb_section][et_pb_section fb_built=&#8220;1&#8243; _builder_version=&#8220;4.9.0&#8243; _module_preset=&#8220;default&#8220; background_color=&#8220;RGBA(0,0,0,0)&#8220; custom_padding=&#8220;0px||70px||false|false&#8220;][et_pb_row _builder_version=&#8220;4.9.0&#8243; _module_preset=&#8220;default&#8220; custom_margin=&#8220;||||false|false&#8220; custom_padding=&#8220;0px|||||&#8220;][et_pb_column type=&#8220;4_4&#8243; _builder_version=&#8220;4.9.0&#8243; _module_preset=&#8220;default&#8220;][et_pb_text module_class=&#8220;o-nama&#8220; _builder_version=&#8220;4.9.0&#8243; _module_preset=&#8220;default&#8220; text_orientation=&#8220;center&#8220; custom_margin=&#8220;-45px||13px||false|false&#8220;]Einf\u00fchrungstext f\u00fcr die Seitendokumente mit einer Erkl\u00e4rung des Typs und nehmen Sie sie &#8211; Lorem ipsum dolor sit amet, consectetur adipiscing Elite. Sed vitae velit egestas augue rhoncus vulputate. Sed posuere nisi eine Massa Fringilla Maleuada. Duis et efficitur ipsum. Praesent quis diam quis lectus mollis mattis. In Euismod Velit. Sed quis risus id quam vehicula porta. Nulla fermentum dignissim maleuada. Curabitur felis diam, posuere ac tincidunt eget, aliquet eget ex.[\/et_pb_text][\/et_pb_column][\/et_pb_row][et_pb_row custom_padding_last_edited=&#8220;on|phone&#8220; _builder_version=&#8220;4.9.0&#8243; _module_preset=&#8220;default&#8220; background_color=&#8220;rgba(191,133,51,0.07)&#8220; custom_padding=&#8220;60px|40px|33px|40px|false|true&#8220; custom_padding_tablet=&#8220;&#8220; custom_padding_phone=&#8220;40px|30px|23px|30px|false|true&#8220; border_radii=&#8220;on|10px|10px|10px|10px&#8220;][et_pb_column type=&#8220;4_4&#8243; _builder_version=&#8220;4.9.0&#8243; _module_preset=&#8220;default&#8220;][et_pb_blurb use_icon=&#8220;on&#8220; font_icon=&#8220;%%178%%&#8220; icon_color=&#8220;#BE7833&#8243; icon_placement=&#8220;left&#8220; content_max_width=&#8220;650px&#8220; use_icon_font_size=&#8220;on&#8220; icon_font_size=&#8220;32px&#8220; _builder_version=&#8220;4.9.0&#8243; _module_preset=&#8220;default&#8220; body_font_size=&#8220;23px&#8220; body_line_height=&#8220;1.5em&#8220; module_alignment=&#8220;left&#8220; custom_margin=&#8220;||35px|||&#8220; link_option_url=&#8220;#&#8220; body_text_color_last_edited=&#8220;off|desktop&#8220; body_font_size_tablet=&#8220;&#8220; body_font_size_phone=&#8220;20px&#8220; body_font_size_last_edited=&#8220;on|phone&#8220; custom_css_blurb_image=&#8220;position: relative;||top: -1px;&#8220; body_text_color__hover_enabled=&#8220;on|hover&#8220; body_text_color__hover=&#8220;#BE7833&#8243;]Der Name des herunterzuladenden Dokuments[\/et_pb_blurb][et_pb_blurb use_icon=&#8220;on&#8220; font_icon=&#8220;%%178%%&#8220; icon_color=&#8220;#BE7833&#8243; icon_placement=&#8220;left&#8220; content_max_width=&#8220;650px&#8220; use_icon_font_size=&#8220;on&#8220; icon_font_size=&#8220;32px&#8220; _builder_version=&#8220;4.9.0&#8243; _module_preset=&#8220;default&#8220; body_font_size=&#8220;23px&#8220; body_line_height=&#8220;1.5em&#8220; module_alignment=&#8220;left&#8220; custom_margin=&#8220;||35px|||&#8220; link_option_url=&#8220;#&#8220; body_font_size_tablet=&#8220;&#8220; body_font_size_phone=&#8220;20px&#8220; body_font_size_last_edited=&#8220;on|phone&#8220; custom_css_blurb_image=&#8220;position: relative;||top: -1px;&#8220; body_text_color__hover_enabled=&#8220;on|hover&#8220; body_text_color__hover=&#8220;#BE7833&#8243;]Dokumentname zum Herunterladen von zwei[\/et_pb_blurb][et_pb_blurb use_icon=&#8220;on&#8220; font_icon=&#8220;%%178%%&#8220; icon_color=&#8220;#BE7833&#8243; icon_placement=&#8220;left&#8220; content_max_width=&#8220;650px&#8220; use_icon_font_size=&#8220;on&#8220; icon_font_size=&#8220;32px&#8220; _builder_version=&#8220;4.9.0&#8243; _module_preset=&#8220;default&#8220; body_font_size=&#8220;23px&#8220; body_line_height=&#8220;1.5em&#8220; module_alignment=&#8220;left&#8220; custom_margin=&#8220;||35px|||&#8220; link_option_url=&#8220;#&#8220; body_font_size_tablet=&#8220;&#8220; body_font_size_phone=&#8220;20px&#8220; body_font_size_last_edited=&#8220;on|phone&#8220; custom_css_blurb_image=&#8220;position: relative;||top: -1px;&#8220; body_text_color__hover_enabled=&#8220;on|hover&#8220; body_text_color__hover=&#8220;#BE7833&#8243;]Dokumentname zum Herunterladen von drei[\/et_pb_blurb][et_pb_blurb use_icon=&#8220;on&#8220; font_icon=&#8220;%%178%%&#8220; icon_color=&#8220;#BE7833&#8243; icon_placement=&#8220;left&#8220; content_max_width=&#8220;650px&#8220; use_icon_font_size=&#8220;on&#8220; icon_font_size=&#8220;32px&#8220; _builder_version=&#8220;4.9.0&#8243; _module_preset=&#8220;default&#8220; body_font_size=&#8220;23px&#8220; body_line_height=&#8220;1.5em&#8220; module_alignment=&#8220;left&#8220; custom_margin=&#8220;||35px|||&#8220; link_option_url=&#8220;#&#8220; body_font_size_tablet=&#8220;&#8220; body_font_size_phone=&#8220;20px&#8220; body_font_size_last_edited=&#8220;on|phone&#8220; custom_css_blurb_image=&#8220;position: relative;||top: -1px;&#8220; body_text_color__hover_enabled=&#8220;on|hover&#8220; body_text_color__hover=&#8220;#BE7833&#8243;]Dokumentname zum Herunterladen von vier[\/et_pb_blurb][et_pb_blurb use_icon=&#8220;on&#8220; font_icon=&#8220;%%178%%&#8220; icon_color=&#8220;#BE7833&#8243; icon_placement=&#8220;left&#8220; content_max_width=&#8220;650px&#8220; use_icon_font_size=&#8220;on&#8220; icon_font_size=&#8220;32px&#8220; _builder_version=&#8220;4.9.0&#8243; _module_preset=&#8220;default&#8220; body_font_size=&#8220;23px&#8220; body_line_height=&#8220;1.5em&#8220; module_alignment=&#8220;left&#8220; custom_margin=&#8220;||35px|||&#8220; link_option_url=&#8220;#&#8220; body_font_size_tablet=&#8220;&#8220; body_font_size_phone=&#8220;20px&#8220; body_font_size_last_edited=&#8220;on|phone&#8220; custom_css_blurb_image=&#8220;position: relative;||top: -1px;&#8220; body_text_color__hover_enabled=&#8220;on|hover&#8220; body_text_color__hover=&#8220;#BE7833&#8243;]Dokumentname zum Herunterladen von f\u00fcnf[\/et_pb_blurb][et_pb_blurb use_icon=&#8220;on&#8220; font_icon=&#8220;%%178%%&#8220; icon_color=&#8220;#BE7833&#8243; icon_placement=&#8220;left&#8220; content_max_width=&#8220;650px&#8220; use_icon_font_size=&#8220;on&#8220; icon_font_size=&#8220;32px&#8220; _builder_version=&#8220;4.9.0&#8243; _module_preset=&#8220;default&#8220; body_font_size=&#8220;23px&#8220; body_line_height=&#8220;1.5em&#8220; module_alignment=&#8220;left&#8220; custom_margin=&#8220;||35px|||&#8220; link_option_url=&#8220;#&#8220; body_font_size_tablet=&#8220;&#8220; body_font_size_phone=&#8220;20px&#8220; body_font_size_last_edited=&#8220;on|phone&#8220; custom_css_blurb_image=&#8220;position: relative;||top: -1px;&#8220; body_text_color__hover_enabled=&#8220;on|hover&#8220; body_text_color__hover=&#8220;#BE7833&#8243;]Dokumentname zum Herunterladen von f\u00fcnf[\/et_pb_blurb][et_pb_blurb use_icon=&#8220;on&#8220; font_icon=&#8220;%%178%%&#8220; icon_color=&#8220;#BE7833&#8243; icon_placement=&#8220;left&#8220; content_max_width=&#8220;650px&#8220; use_icon_font_size=&#8220;on&#8220; icon_font_size=&#8220;32px&#8220; _builder_version=&#8220;4.9.0&#8243; _module_preset=&#8220;default&#8220; body_font_size=&#8220;23px&#8220; body_line_height=&#8220;1.5em&#8220; module_alignment=&#8220;left&#8220; custom_margin=&#8220;||35px|||&#8220; link_option_url=&#8220;#&#8220; body_font_size_tablet=&#8220;&#8220; body_font_size_phone=&#8220;20px&#8220; body_font_size_last_edited=&#8220;on|phone&#8220; custom_css_blurb_image=&#8220;position: relative;||top: -1px;&#8220; body_text_color__hover_enabled=&#8220;on|hover&#8220; body_text_color__hover=&#8220;#BE7833&#8243;]Dokumentname zum Herunterladen von f\u00fcnf[\/et_pb_blurb][et_pb_blurb use_icon=&#8220;on&#8220; font_icon=&#8220;%%178%%&#8220; icon_color=&#8220;#BE7833&#8243; icon_placement=&#8220;left&#8220; content_max_width=&#8220;650px&#8220; use_icon_font_size=&#8220;on&#8220; icon_font_size=&#8220;32px&#8220; _builder_version=&#8220;4.9.0&#8243; _module_preset=&#8220;default&#8220; body_font_size=&#8220;23px&#8220; body_line_height=&#8220;1.5em&#8220; module_alignment=&#8220;left&#8220; custom_margin=&#8220;||35px|||&#8220; link_option_url=&#8220;#&#8220; body_font_size_tablet=&#8220;&#8220; body_font_size_phone=&#8220;20px&#8220; body_font_size_last_edited=&#8220;on|phone&#8220; custom_css_blurb_image=&#8220;position: relative;||top: -1px;&#8220; body_text_color__hover_enabled=&#8220;on|hover&#8220; body_text_color__hover=&#8220;#BE7833&#8243;]Dokumentname zum Herunterladen von f\u00fcnf[\/et_pb_blurb][et_pb_blurb use_icon=&#8220;on&#8220; font_icon=&#8220;%%178%%&#8220; icon_color=&#8220;#BE7833&#8243; icon_placement=&#8220;left&#8220; content_max_width=&#8220;650px&#8220; use_icon_font_size=&#8220;on&#8220; icon_font_size=&#8220;32px&#8220; _builder_version=&#8220;4.9.0&#8243; _module_preset=&#8220;default&#8220; body_font_size=&#8220;23px&#8220; body_line_height=&#8220;1.5em&#8220; module_alignment=&#8220;left&#8220; custom_margin=&#8220;||35px|||&#8220; link_option_url=&#8220;#&#8220; body_font_size_tablet=&#8220;&#8220; body_font_size_phone=&#8220;20px&#8220; body_font_size_last_edited=&#8220;on|phone&#8220; custom_css_blurb_image=&#8220;position: relative;||top: -1px;&#8220; body_text_color__hover_enabled=&#8220;on|hover&#8220; body_text_color__hover=&#8220;#BE7833&#8243;]Dokumentname zum Herunterladen von f\u00fcnf[\/et_pb_blurb][et_pb_blurb use_icon=&#8220;on&#8220; font_icon=&#8220;%%178%%&#8220; icon_color=&#8220;#BE7833&#8243; icon_placement=&#8220;left&#8220; content_max_width=&#8220;650px&#8220; use_icon_font_size=&#8220;on&#8220; icon_font_size=&#8220;32px&#8220; _builder_version=&#8220;4.9.0&#8243; _module_preset=&#8220;default&#8220; body_font_size=&#8220;23px&#8220; body_line_height=&#8220;1.5em&#8220; module_alignment=&#8220;left&#8220; custom_margin=&#8220;||35px|||&#8220; link_option_url=&#8220;#&#8220; custom_css_blurb_image=&#8220;position: relative;||top: -1px;&#8220; body_text_color__hover_enabled=&#8220;on|hover&#8220; body_text_color__hover=&#8220;#BE7833&#8243;]Dokumentname zum Herunterladen von f\u00fcnf[\/et_pb_blurb][et_pb_blurb use_icon=&#8220;on&#8220; font_icon=&#8220;%%178%%&#8220; icon_color=&#8220;#BE7833&#8243; icon_placement=&#8220;left&#8220; content_max_width=&#8220;650px&#8220; use_icon_font_size=&#8220;on&#8220; icon_font_size=&#8220;32px&#8220; _builder_version=&#8220;4.9.0&#8243; _module_preset=&#8220;default&#8220; body_font_size=&#8220;23px&#8220; body_line_height=&#8220;1.5em&#8220; module_alignment=&#8220;left&#8220; custom_margin=&#8220;||35px|||&#8220; link_option_url=&#8220;#&#8220; body_font_size_tablet=&#8220;&#8220; body_font_size_phone=&#8220;20px&#8220; body_font_size_last_edited=&#8220;on|phone&#8220; custom_css_blurb_image=&#8220;position: relative;||top: -1px;&#8220; body_text_color__hover_enabled=&#8220;on|hover&#8220; body_text_color__hover=&#8220;#BE7833&#8243;]Dokumentname zum Herunterladen von f\u00fcnf[\/et_pb_blurb][\/et_pb_column][\/et_pb_row][\/et_pb_section]<\/p>\n","protected":false},"excerpt":{"rendered":"<p>Einf\u00fchrungstext f\u00fcr die Seitendokumente mit einer Erkl\u00e4rung des Typs und nehmen Sie sie &#8211; Lorem ipsum dolor sit amet, consectetur adipiscing Elite. Sed vitae velit egestas augue rhoncus vulputate. Sed posuere nisi eine Massa Fringilla Maleuada. Duis et efficitur ipsum. Praesent quis diam quis lectus mollis mattis. In Euismod Velit. Sed quis risus id quam [&hellip;]<\/p>\n","protected":false},"author":1,"featured_media":0,"parent":0,"menu_order":0,"comment_status":"closed","ping_status":"closed","template":"","meta":{"_acf_changed":false,"_et_pb_use_builder":"on","_et_pb_old_content":"[et_pb_section fb_built=\"1\" _builder_version=\"4.9.0\" _module_preset=\"default\" background_color=\"RGBA(0,0,0,0)\" use_background_color_gradient=\"on\" background_color_gradient_start=\"rgba(10,0,0,0.3)\" background_color_gradient_end=\"rgba(10,0,0,0.3)\" background_color_gradient_overlays_image=\"on\" background_image=\"https:\/\/www.skrivena-blaga.eu\/wp-content\/uploads\/2021\/02\/home-hero-bg-2.jpg\" vertical_offset=\"-148px\" custom_margin=\"||-148px||false|false\" custom_padding=\"196px||70px||false|false\"][et_pb_row _builder_version=\"4.9.0\" _module_preset=\"default\"][et_pb_column type=\"4_4\" _builder_version=\"4.9.0\" _module_preset=\"default\"][et_pb_text _builder_version=\"4.9.0\" _dynamic_attributes=\"content\" _module_preset=\"default\" header_font=\"Poppins|800||on|||||\" header_text_align=\"center\" header_text_color=\"#FFFFFF\" locked=\"off\"]@ ET-DC @ eyJkeW5hbWljIjp0cnVlLCJjb250ZW50IjoicG9zdF90aXRsZSIsInNldHRpbmdzIjp7ImJlZm9yZSI6IjxoMT4iLCJhZnRlciI6IjwD[\/et_pb_text][\/et_pb_column][\/et_pb_row][\/et_pb_section][et_pb_section fb_built=\"1\" _builder_version=\"4.9.0\" _module_preset=\"default\" background_color=\"RGBA(0,0,0,0)\" background_image=\"https:\/\/www.skrivena-blaga.eu\/wp-content\/uploads\/2021\/02\/bg-header.png\" background_position=\"top_center\" vertical_offset=\"-50px\" custom_margin=\"||-50px||false|false\" custom_padding=\"0px||||false|false\" locked=\"off\"][et_pb_row _builder_version=\"4.8.2\" _module_preset=\"default\"][et_pb_column type=\"4_4\" _builder_version=\"4.8.2\" _module_preset=\"default\"][et_pb_divider color=\"RGBA(0,0,0,0)\" divider_weight=\"1px\" _builder_version=\"4.8.2\" _module_preset=\"default\" width=\"1px\"][\/et_pb_divider][\/et_pb_column][\/et_pb_row][\/et_pb_section][et_pb_section fb_built=\"1\" _builder_version=\"4.9.0\" _module_preset=\"default\" background_color=\"RGBA(0,0,0,0)\" custom_padding=\"0px||70px||false|false\" hover_enabled=\"0\" sticky_enabled=\"0\"][et_pb_row _builder_version=\"4.9.0\" _module_preset=\"default\" custom_margin=\"||||false|false\" custom_padding=\"0px|||||\"][et_pb_column type=\"4_4\" _builder_version=\"4.9.0\" _module_preset=\"default\"][et_pb_text module_class=\"o-nama\" _builder_version=\"4.9.0\" _module_preset=\"default\" custom_margin=\"-45px||13px||false|false\" hover_enabled=\"0\" sticky_enabled=\"0\" text_orientation=\"center\"]Einf\u00fchrungstext f\u00fcr die Seitendokumente mit einer Erkl\u00e4rung des Typs und nehmen Sie sie - Lorem ipsum dolor sit amet, consectetur adipiscing Elite. Sed vitae velit egestas augue rhoncus vulputate. Sed posuere nisi eine Massa Fringilla Maleuada. Duis et efficitur ipsum. Praesent quis diam quis lectus mollis mattis. In Euismod Velit. Sed quis risus id quam vehicula porta. Nulla fermentum dignissim maleuada. Curabitur felis diam, posuere ac tincidunt eget, aliquet eget ex.[\/et_pb_text][\/et_pb_column][\/et_pb_row][et_pb_row _builder_version=\"4.9.0\" _module_preset=\"default\" background_color=\"rgba(191,133,51,0.07)\" hover_enabled=\"0\" sticky_enabled=\"0\" border_radii=\"on|10px|10px|10px|10px\" custom_padding=\"60px|40px|33px|40px|false|true\" custom_padding_last_edited=\"on|phone\" custom_padding_phone=\"40px|30px|23px|30px|false|true\"][et_pb_column _builder_version=\"4.9.0\" _module_preset=\"default\" type=\"4_4\"][et_pb_blurb _builder_version=\"4.9.0\" _module_preset=\"default\" use_icon=\"on\" font_icon=\"%%178%%\" icon_placement=\"left\" body_font_size=\"23px\" module_alignment=\"left\" icon_color=\"#BE7833\" use_icon_font_size=\"on\" icon_font_size=\"32px\" hover_enabled=\"0\" sticky_enabled=\"0\" link_option_url=\"#\" body_text_color_last_edited=\"off|desktop\" body_text_color__hover_enabled=\"on|hover\" body_text_color__hover=\"#BE7833\" custom_css_blurb_image=\"position: relative;||top: -1px;\" content_max_width=\"650px\" body_line_height=\"1.5em\" custom_margin=\"||35px|||\" body_font_size_last_edited=\"on|phone\" body_font_size_phone=\"20px\"]Der Name des herunterzuladenden Dokuments[\/et_pb_blurb][et_pb_blurb _builder_version=\"4.9.0\" _module_preset=\"default\" use_icon=\"on\" font_icon=\"%%178%%\" icon_placement=\"left\" body_font_size=\"23px\" module_alignment=\"left\" icon_color=\"#BE7833\" use_icon_font_size=\"on\" icon_font_size=\"32px\" sticky_enabled=\"0\" link_option_url=\"#\" body_text_color__hover_enabled=\"on|hover\" body_text_color__hover=\"#BE7833\" custom_css_blurb_image=\"position: relative;||top: -1px;\" content_max_width=\"650px\" body_line_height=\"1.5em\" custom_margin=\"||35px|||\" body_font_size_phone=\"20px\" body_font_size_last_edited=\"on|phone\"]Dokumentname zum Herunterladen von zwei[\/et_pb_blurb][et_pb_blurb _builder_version=\"4.9.0\" _module_preset=\"default\" use_icon=\"on\" font_icon=\"%%178%%\" icon_placement=\"left\" body_font_size=\"23px\" module_alignment=\"left\" icon_color=\"#BE7833\" use_icon_font_size=\"on\" icon_font_size=\"32px\" sticky_enabled=\"0\" link_option_url=\"#\" body_text_color__hover_enabled=\"on|hover\" body_text_color__hover=\"#BE7833\" custom_css_blurb_image=\"position: relative;||top: -1px;\" content_max_width=\"650px\" body_line_height=\"1.5em\" custom_margin=\"||35px|||\" body_font_size_phone=\"20px\" body_font_size_last_edited=\"on|phone\"]Dokumentname zum Herunterladen von drei[\/et_pb_blurb][et_pb_blurb _builder_version=\"4.9.0\" _module_preset=\"default\" use_icon=\"on\" font_icon=\"%%178%%\" icon_placement=\"left\" body_font_size=\"23px\" module_alignment=\"left\" icon_color=\"#BE7833\" use_icon_font_size=\"on\" icon_font_size=\"32px\" sticky_enabled=\"0\" link_option_url=\"#\" body_text_color__hover_enabled=\"on|hover\" body_text_color__hover=\"#BE7833\" custom_css_blurb_image=\"position: relative;||top: -1px;\" content_max_width=\"650px\" body_line_height=\"1.5em\" custom_margin=\"||35px|||\" body_font_size_phone=\"20px\" body_font_size_last_edited=\"on|phone\"]Dokumentname zum Herunterladen von vier[\/et_pb_blurb][et_pb_blurb _builder_version=\"4.9.0\" _module_preset=\"default\" use_icon=\"on\" font_icon=\"%%178%%\" icon_placement=\"left\" body_font_size=\"23px\" module_alignment=\"left\" icon_color=\"#BE7833\" use_icon_font_size=\"on\" icon_font_size=\"32px\" sticky_enabled=\"0\" link_option_url=\"#\" body_text_color__hover_enabled=\"on|hover\" body_text_color__hover=\"#BE7833\" custom_css_blurb_image=\"position: relative;||top: -1px;\" content_max_width=\"650px\" body_line_height=\"1.5em\" custom_margin=\"||35px|||\" body_font_size_phone=\"20px\" body_font_size_last_edited=\"on|phone\"]Dokumentname zum Herunterladen von f\u00fcnf[\/et_pb_blurb][et_pb_blurb _builder_version=\"4.9.0\" _module_preset=\"default\" use_icon=\"on\" font_icon=\"%%178%%\" icon_placement=\"left\" body_font_size=\"23px\" module_alignment=\"left\" icon_color=\"#BE7833\" use_icon_font_size=\"on\" icon_font_size=\"32px\" sticky_enabled=\"0\" link_option_url=\"#\" body_text_color__hover_enabled=\"on|hover\" body_text_color__hover=\"#BE7833\" custom_css_blurb_image=\"position: relative;||top: -1px;\" content_max_width=\"650px\" body_line_height=\"1.5em\" custom_margin=\"||35px|||\" body_font_size_phone=\"20px\" body_font_size_last_edited=\"on|phone\"]Dokumentname zum Herunterladen von f\u00fcnf[\/et_pb_blurb][et_pb_blurb _builder_version=\"4.9.0\" _module_preset=\"default\" use_icon=\"on\" font_icon=\"%%178%%\" icon_placement=\"left\" body_font_size=\"23px\" module_alignment=\"left\" icon_color=\"#BE7833\" use_icon_font_size=\"on\" icon_font_size=\"32px\" sticky_enabled=\"0\" link_option_url=\"#\" body_text_color__hover_enabled=\"on|hover\" body_text_color__hover=\"#BE7833\" custom_css_blurb_image=\"position: relative;||top: -1px;\" content_max_width=\"650px\" body_line_height=\"1.5em\" custom_margin=\"||35px|||\" body_font_size_phone=\"20px\" body_font_size_last_edited=\"on|phone\"]Dokumentname zum Herunterladen von f\u00fcnf[\/et_pb_blurb][et_pb_blurb _builder_version=\"4.9.0\" _module_preset=\"default\" use_icon=\"on\" font_icon=\"%%178%%\" icon_placement=\"left\" body_font_size=\"23px\" module_alignment=\"left\" icon_color=\"#BE7833\" use_icon_font_size=\"on\" icon_font_size=\"32px\" sticky_enabled=\"0\" link_option_url=\"#\" body_text_color__hover_enabled=\"on|hover\" body_text_color__hover=\"#BE7833\" custom_css_blurb_image=\"position: relative;||top: -1px;\" content_max_width=\"650px\" body_line_height=\"1.5em\" custom_margin=\"||35px|||\" body_font_size_phone=\"20px\" body_font_size_last_edited=\"on|phone\"]Dokumentname zum Herunterladen von f\u00fcnf[\/et_pb_blurb][et_pb_blurb _builder_version=\"4.9.0\" _module_preset=\"default\" use_icon=\"on\" font_icon=\"%%178%%\" icon_placement=\"left\" body_font_size=\"23px\" module_alignment=\"left\" icon_color=\"#BE7833\" use_icon_font_size=\"on\" icon_font_size=\"32px\" sticky_enabled=\"0\" link_option_url=\"#\" body_text_color__hover_enabled=\"on|hover\" body_text_color__hover=\"#BE7833\" custom_css_blurb_image=\"position: relative;||top: -1px;\" content_max_width=\"650px\" body_line_height=\"1.5em\" custom_margin=\"||35px|||\" body_font_size_phone=\"20px\" body_font_size_last_edited=\"on|phone\"]Dokumentname zum Herunterladen von f\u00fcnf[\/et_pb_blurb][et_pb_blurb _builder_version=\"4.9.0\" _module_preset=\"default\" use_icon=\"on\" font_icon=\"%%178%%\" icon_placement=\"left\" body_font_size=\"23px\" module_alignment=\"left\" icon_color=\"#BE7833\" use_icon_font_size=\"on\" icon_font_size=\"32px\" sticky_enabled=\"0\" link_option_url=\"#\" body_text_color__hover_enabled=\"on|hover\" body_text_color__hover=\"#BE7833\" custom_css_blurb_image=\"position: relative;||top: -1px;\" content_max_width=\"650px\" body_line_height=\"1.5em\" custom_margin=\"||35px|||\"]Dokumentname zum Herunterladen von f\u00fcnf[\/et_pb_blurb][et_pb_blurb _builder_version=\"4.9.0\" _module_preset=\"default\" use_icon=\"on\" font_icon=\"%%178%%\" icon_placement=\"left\" body_font_size=\"23px\" module_alignment=\"left\" icon_color=\"#BE7833\" use_icon_font_size=\"on\" icon_font_size=\"32px\" sticky_enabled=\"0\" link_option_url=\"#\" body_text_color__hover_enabled=\"on|hover\" body_text_color__hover=\"#BE7833\" custom_css_blurb_image=\"position: relative;||top: -1px;\" content_max_width=\"650px\" body_line_height=\"1.5em\" custom_margin=\"||35px|||\" body_font_size_phone=\"20px\" body_font_size_last_edited=\"on|phone\"]Dokumentname zum Herunterladen von f\u00fcnf[\/et_pb_blurb][\/et_pb_column][\/et_pb_row][\/et_pb_section]","_et_gb_content_width":"","footnotes":""},"class_list":["post-26416","page","type-page","status-publish","hentry"],"acf":[],"_links":{"self":[{"href":"https:\/\/www.skrivena-blaga.eu\/de\/wp-json\/wp\/v2\/pages\/26416","targetHints":{"allow":["GET"]}}],"collection":[{"href":"https:\/\/www.skrivena-blaga.eu\/de\/wp-json\/wp\/v2\/pages"}],"about":[{"href":"https:\/\/www.skrivena-blaga.eu\/de\/wp-json\/wp\/v2\/types\/page"}],"author":[{"embeddable":true,"href":"https:\/\/www.skrivena-blaga.eu\/de\/wp-json\/wp\/v2\/users\/1"}],"replies":[{"embeddable":true,"href":"https:\/\/www.skrivena-blaga.eu\/de\/wp-json\/wp\/v2\/comments?post=26416"}],"version-history":[{"count":0,"href":"https:\/\/www.skrivena-blaga.eu\/de\/wp-json\/wp\/v2\/pages\/26416\/revisions"}],"wp:attachment":[{"href":"https:\/\/www.skrivena-blaga.eu\/de\/wp-json\/wp\/v2\/media?parent=26416"}],"curies":[{"name":"wp","href":"https:\/\/api.w.org\/{rel}","templated":true}]}}